{"id":3697,"date":"2023-03-09T11:56:29","date_gmt":"2023-03-09T11:56:29","guid":{"rendered":"https:\/\/izmirkraft.com\/portfolio-standard-copy\/"},"modified":"2024-04-08T15:44:06","modified_gmt":"2024-04-08T12:44:06","slug":"sektorler","status":"publish","type":"page","link":"https:\/\/izmirkraft.com\/en\/sektorler\/","title":{"rendered":"Sectors"},"content":{"rendered":"<div data-elementor-type=\"wp-page\" data-elementor-id=\"3697\" class=\"elementor elementor-3697\">\n\t\t\t\t\t\t<section class=\"elementor-section elementor-top-section elementor-element elementor-element-a7f9e8a elementor-section-boxed elementor-section-height-default elementor-section-height-default rt-parallax-bg-no\" data-id=\"a7f9e8a\" data-element_type=\"section\">\n\t\t\t\t\t\t<div class=\"elementor-container elementor-column-gap-default\">\n\t\t\t\t\t<div class=\"elementor-column elementor-col-100 elementor-top-column elementor-element elementor-element-3cdace4\" data-id=\"3cdace4\" data-element_type=\"column\">\n\t\t\t<div class=\"elementor-widget-wrap elementor-element-populated\">\n\t\t\t\t\t\t<div class=\"elementor-element elementor-element-5243780 elementor-invisible elementor-widget elementor-widget-rt-portfolio\" data-id=\"5243780\" data-element_type=\"widget\" data-widget_type=\"rt-portfolio.default\">\n\t\t\t\t<div class=\"elementor-widget-container\">\n\t\t\t<div class=\"rt-portfolio-default rt-portfolio-multi-layout-2 portfolio-grid-style2\">\n\t<div class=\"row g-4\">\n\t\t\t\t<div class=\"col-xl-4 col-lg-4 col-md-6 col-sm-6 col-xs-12 wow fadeIn\" data-wow-delay=\"0.2s\" data-wow-duration=\"1.2s\">\n\t\t\t<div class=\"portfolio-item\">\n\t\t\t\t<div class=\"portfolio-figure\">\n\t\t\t\t\t<a href=\"https:\/\/izmirkraft.com\/en\/portfolio\/cimentosektoru\/\" aria-label=\"Portfolio\">\n\t\t\t\t\t\t<img decoding=\"async\" width=\"470\" height=\"555\" src=\"https:\/\/izmirkraft.com\/wp-content\/uploads\/2023\/02\/cimentosektoru2-470x555.webp\" class=\"img-fluid width-100 wp-post-image\" alt=\"\" \/>\t\t\t\t\t<\/a>\t\t\t\n\t\t\t\t<\/div>\n\t\t\t\t<div class=\"portfolio-content\">\n\t\t\t\t\t<div class=\"content-info\">\n\t\t\t\t\t\t<h3 class=\"entry-title\"><a aria-label=\"Portfolio\" href=\"https:\/\/izmirkraft.com\/en\/portfolio\/cimentosektoru\/\">Cement<\/a><\/h3>\n\t\t\t\t\t\t\t\t\t\t\t\t\t\t\t\t\t<\/div>\n\t\t\t\t\t\t\t\t\t\t<div class=\"content-action\">\n\t\t\t\t\t\t<a aria-label=\"Portfolio\" href=\"https:\/\/izmirkraft.com\/en\/portfolio\/cimentosektoru\/\"><i class=\"icon-faktorie-right-arrow\"><\/i><\/a>\n\t\t\t\t\t<\/div>\n\t\t\t\t\t\t\t\t\t<\/div>\n\t\t\t<\/div>\n\t\t<\/div>\n\t\t\t\t\t<div class=\"col-xl-4 col-lg-4 col-md-6 col-sm-6 col-xs-12 wow fadeIn\" data-wow-delay=\"0.4s\" data-wow-duration=\"1.3s\">\n\t\t\t<div class=\"portfolio-item\">\n\t\t\t\t<div class=\"portfolio-figure\">\n\t\t\t\t\t<a href=\"https:\/\/izmirkraft.com\/en\/portfolio\/yapikimyasektoru\/\" aria-label=\"Portfolio\">\n\t\t\t\t\t\t<img decoding=\"async\" width=\"470\" height=\"555\" src=\"https:\/\/izmirkraft.com\/wp-content\/uploads\/2023\/02\/project_01-470x555.jpg\" class=\"img-fluid width-100 wp-post-image\" alt=\"\" \/>\t\t\t\t\t<\/a>\t\t\t\n\t\t\t\t<\/div>\n\t\t\t\t<div class=\"portfolio-content\">\n\t\t\t\t\t<div class=\"content-info\">\n\t\t\t\t\t\t<h3 class=\"entry-title\"><a aria-label=\"Portfolio\" href=\"https:\/\/izmirkraft.com\/en\/portfolio\/yapikimyasektoru\/\">Yap\u0131 &#038; Kimya Sekt\u00f6r\u00fc<\/a><\/h3>\n\t\t\t\t\t\t\t\t\t\t\t\t\t\t\t\t\t<\/div>\n\t\t\t\t\t\t\t\t\t\t<div class=\"content-action\">\n\t\t\t\t\t\t<a aria-label=\"Portfolio\" href=\"https:\/\/izmirkraft.com\/en\/portfolio\/yapikimyasektoru\/\"><i class=\"icon-faktorie-right-arrow\"><\/i><\/a>\n\t\t\t\t\t<\/div>\n\t\t\t\t\t\t\t\t\t<\/div>\n\t\t\t<\/div>\n\t\t<\/div>\n\t\t\t\t\t<div class=\"col-xl-4 col-lg-4 col-md-6 col-sm-6 col-xs-12 wow fadeIn\" data-wow-delay=\"0.6s\" data-wow-duration=\"1.4s\">\n\t\t\t<div class=\"portfolio-item\">\n\t\t\t\t<div class=\"portfolio-figure\">\n\t\t\t\t\t<a href=\"https:\/\/izmirkraft.com\/en\/portfolio\/kirecmadensektoru\/\" aria-label=\"Portfolio\">\n\t\t\t\t\t\t<img loading=\"lazy\" decoding=\"async\" width=\"470\" height=\"555\" src=\"https:\/\/izmirkraft.com\/wp-content\/uploads\/2023\/02\/project_04-470x555.jpg\" class=\"img-fluid width-100 wp-post-image\" alt=\"\" \/>\t\t\t\t\t<\/a>\t\t\t\n\t\t\t\t<\/div>\n\t\t\t\t<div class=\"portfolio-content\">\n\t\t\t\t\t<div class=\"content-info\">\n\t\t\t\t\t\t<h3 class=\"entry-title\"><a aria-label=\"Portfolio\" href=\"https:\/\/izmirkraft.com\/en\/portfolio\/kirecmadensektoru\/\">Lime and Mineral<\/a><\/h3>\n\t\t\t\t\t\t\t\t\t\t\t\t\t\t\t\t\t<\/div>\n\t\t\t\t\t\t\t\t\t\t<div class=\"content-action\">\n\t\t\t\t\t\t<a aria-label=\"Portfolio\" href=\"https:\/\/izmirkraft.com\/en\/portfolio\/kirecmadensektoru\/\"><i class=\"icon-faktorie-right-arrow\"><\/i><\/a>\n\t\t\t\t\t<\/div>\n\t\t\t\t\t\t\t\t\t<\/div>\n\t\t\t<\/div>\n\t\t<\/div>\n\t\t\t\t\t\t<\/div>\n\t\t\t\t\t<\/div>\t\t<\/div>\n\t\t\t\t<\/div>\n\t\t\t\t\t<\/div>\n\t\t<\/div>\n\t\t\t\t\t<\/div>\n\t\t<\/section>\n\t\t\t\t<\/div>","protected":false},"excerpt":{"rendered":"<p>\u00c7imento Manufacturing Project Tiling &#038; Painiting<\/p>","protected":false},"author":1,"featured_media":0,"parent":0,"menu_order":0,"comment_status":"closed","ping_status":"closed","template":"elementor_header_footer","meta":{"footnotes":""},"_links":{"self":[{"href":"https:\/\/izmirkraft.com\/en\/wp-json\/wp\/v2\/pages\/3697"}],"collection":[{"href":"https:\/\/izmirkraft.com\/en\/wp-json\/wp\/v2\/pages"}],"about":[{"href":"https:\/\/izmirkraft.com\/en\/wp-json\/wp\/v2\/types\/page"}],"author":[{"embeddable":true,"href":"https:\/\/izmirkraft.com\/en\/wp-json\/wp\/v2\/users\/1"}],"replies":[{"embeddable":true,"href":"https:\/\/izmirkraft.com\/en\/wp-json\/wp\/v2\/comments?post=3697"}],"version-history":[{"count":7,"href":"https:\/\/izmirkraft.com\/en\/wp-json\/wp\/v2\/pages\/3697\/revisions"}],"predecessor-version":[{"id":4795,"href":"https:\/\/izmirkraft.com\/en\/wp-json\/wp\/v2\/pages\/3697\/revisions\/4795"}],"wp:attachment":[{"href":"https:\/\/izmirkraft.com\/en\/wp-json\/wp\/v2\/media?parent=3697"}],"curies":[{"name":"wp","href":"https:\/\/api.w.org\/{rel}","templated":true}]}}