{"id":4803,"date":"2024-04-08T15:55:03","date_gmt":"2024-04-08T12:55:03","guid":{"rendered":"https:\/\/izmirkraft.com\/?page_id=4803"},"modified":"2024-07-24T14:15:25","modified_gmt":"2024-07-24T11:15:25","slug":"kirec-ve-maden-sektoru","status":"publish","type":"page","link":"https:\/\/izmirkraft.com\/en\/kirec-ve-maden-sektoru\/","title":{"rendered":"Lime and Mineral"},"content":{"rendered":"<div data-elementor-type=\"wp-page\" data-elementor-id=\"4803\" class=\"elementor elementor-4803\">\n\t\t\t\t\t\t<section class=\"elementor-section elementor-top-section elementor-element elementor-element-4fdab5f elementor-section-boxed elementor-section-height-default elementor-section-height-default rt-parallax-bg-no\" data-id=\"4fdab5f\" data-element_type=\"section\" data-settings=\"{&quot;background_background&quot;:&quot;classic&quot;}\">\n\t\t\t\t\t\t<div class=\"elementor-container elementor-column-gap-default\">\n\t\t\t\t\t<div class=\"elementor-column elementor-col-100 elementor-top-column elementor-element elementor-element-4b9676f\" data-id=\"4b9676f\" data-element_type=\"column\">\n\t\t\t<div class=\"elementor-widget-wrap elementor-element-populated\">\n\t\t\t\t\t\t<div class=\"elementor-element elementor-element-f76e6de elementor-widget elementor-widget-rt-service-tab\" data-id=\"f76e6de\" data-element_type=\"widget\" data-widget_type=\"rt-service-tab.default\">\n\t\t\t\t<div class=\"elementor-widget-container\">\n\t\t\t<div class=\"rt-service-tab rt-service-tab-layout1\">\n\t<div class=\"service-tab-item\">\n\t  \t<div class=\"nav nav-tab\" id=\"v-pills-tab\" role=\"tablist\" aria-orientation=\"vertical\">\n\t  \t\t\t\t    \t<button class=\"nav-link active\" id=\"v-pills-1-tab\" data-bs-toggle=\"pill\" data-bs-target=\"#v-pills-1\" type=\"button\" role=\"tab\" aria-controls=\"v-pills-1\" aria-selected=\"true\">Lime and Mineral<\/button>\n\t\t    \t\t    \t<button class=\"nav-link\" id=\"v-pills-2-tab\" data-bs-toggle=\"pill\" data-bs-target=\"#v-pills-2\" type=\"button\" role=\"tab\" aria-controls=\"v-pills-2\" aria-selected=\"true\">Cement<\/button>\n\t\t    \t\t    \t<button class=\"nav-link\" id=\"v-pills-3-tab\" data-bs-toggle=\"pill\" data-bs-target=\"#v-pills-3\" type=\"button\" role=\"tab\" aria-controls=\"v-pills-3\" aria-selected=\"true\">Construction Chemicals<\/button>\n\t\t    \t  \t<\/div>\n\t  \t<div class=\"tab-content\" id=\"v-pills-tabContent\">\n\t  \t\t\t\t    \t<div class=\"tab-pane rtTabFadeInUp show active\" id=\"v-pills-1\" role=\"tabpanel\" aria-labelledby=\"v-pills-1-tab\">\n\t\t    \t\t<div class=\"item-content image\">\n\t\t\t    \t\t<div class=\"entry-content\">\n\t\t\t\t    \t\t<h3 class=\"entry-title has-animation\">Lime and Mineral<span class=\"titleline\"><\/span><\/h3>\n\t\t\t\t    \t\t\t\t\t\t    \t\t<p>The lime and mining sector is an important industry that deals with the extraction, processing and distribution of raw materials. In these industries, appropriate packaging solutions are of great importance for the transportation, storage and sale of products.<\/p>\t\t\t\t    \t\t\t\t\t\t    \t\t<div class=\"action-button\">\n\t\t\t\t\t    \t\t<a class=\"button-style-4 btn-common\" href=\"https:\/\/izmirkraft.com\/en\/products\/\">Products<i class=\"icon-faktorie-right-arrow\"><\/i><\/a>\n\t\t\t\t\t    \t<\/div>\n\t\t\t\t\t    \t\t\t\t\t\t    \t\n\t\t\t\t\t\t\t<div class=\"content-icon\"><\/div>\t\t\t\t\t    <\/div>\n\t\t\t\t\t    \t\t\t\t\t    <div class=\"service-figure\">\n\t\t\t\t\t    \t<img fetchpriority=\"high\" decoding=\"async\" width=\"480\" height=\"480\" src=\"https:\/\/izmirkraft.com\/wp-content\/uploads\/2023\/06\/234-179-480x480.jpg\" class=\"attachment-faktorie-size5 size-faktorie-size5\" alt=\"\" srcset=\"https:\/\/izmirkraft.com\/wp-content\/uploads\/2023\/06\/234-179-480x480.jpg 480w, https:\/\/izmirkraft.com\/wp-content\/uploads\/2023\/06\/234-179-150x150.jpg 150w, https:\/\/izmirkraft.com\/wp-content\/uploads\/2023\/06\/234-179-300x300.jpg 300w, https:\/\/izmirkraft.com\/wp-content\/uploads\/2023\/06\/234-179-100x100.jpg 100w\" sizes=\"(max-width: 480px) 100vw, 480px\" \/>\t\t\t\t\t    <\/div>\n\t\t\t\t\t\t\t\t\t\t\t<\/div>\n\t\t    \t<\/div>\n\t\t    \t\t    \t<div class=\"tab-pane rtTabFadeInUp show\" id=\"v-pills-2\" role=\"tabpanel\" aria-labelledby=\"v-pills-2-tab\">\n\t\t    \t\t<div class=\"item-content image\">\n\t\t\t    \t\t<div class=\"entry-content\">\n\t\t\t\t    \t\t<h3 class=\"entry-title has-animation\">Cement<span class=\"titleline\"><\/span><\/h3>\n\t\t\t\t    \t\t\t\t\t\t    \t\t<p>Preferring and using  of Kraft sacks as a packaging solution in the cement industry is an important element to ensure the safe transportation and storage of products. By focusing on durable, environmentally friendly and sustainable packaging solutions, the sector is taking steps for a healthier future both environmentally and economically.<\/p>\t\t\t\t    \t\t\t\t\t\t    \t\t<div class=\"action-button\">\n\t\t\t\t\t    \t\t<a class=\"button-style-4 btn-common\" href=\"https:\/\/izmirkraft.com\/en\/products\/\">Products<i class=\"icon-faktorie-right-arrow\"><\/i><\/a>\n\t\t\t\t\t    \t<\/div>\n\t\t\t\t\t    \t\t\t\t\t\t    \t\n\t\t\t\t\t\t\t<div class=\"content-icon\"><\/div>\t\t\t\t\t    <\/div>\n\t\t\t\t\t    \t\t\t\t\t    <div class=\"service-figure\">\n\t\t\t\t\t    \t<img decoding=\"async\" width=\"480\" height=\"480\" src=\"https:\/\/izmirkraft.com\/wp-content\/uploads\/2023\/06\/234-1-480x480.jpg\" class=\"attachment-faktorie-size5 size-faktorie-size5\" alt=\"\" srcset=\"https:\/\/izmirkraft.com\/wp-content\/uploads\/2023\/06\/234-1-480x480.jpg 480w, https:\/\/izmirkraft.com\/wp-content\/uploads\/2023\/06\/234-1-150x150.jpg 150w, https:\/\/izmirkraft.com\/wp-content\/uploads\/2023\/06\/234-1-300x300.jpg 300w, https:\/\/izmirkraft.com\/wp-content\/uploads\/2023\/06\/234-1-100x100.jpg 100w\" sizes=\"(max-width: 480px) 100vw, 480px\" \/>\t\t\t\t\t    <\/div>\n\t\t\t\t\t\t\t\t\t\t\t<\/div>\n\t\t    \t<\/div>\n\t\t    \t\t    \t<div class=\"tab-pane rtTabFadeInUp show\" id=\"v-pills-3\" role=\"tabpanel\" aria-labelledby=\"v-pills-3-tab\">\n\t\t    \t\t<div class=\"item-content image\">\n\t\t\t    \t\t<div class=\"entry-content\">\n\t\t\t\t    \t\t<h3 class=\"entry-title has-animation\">Construction Chemicals<span class=\"titleline\"><\/span><\/h3>\n\t\t\t\t    \t\t\t\t\t\t    \t\t<p>The use of kraft bags as packaging in the construction chemicals industry plays a critical role in the efficiency of industrial processes and the safety of materials. This industry is constantly evolving with technological advances and sustainability efforts.<\/p>\t\t\t\t    \t\t\t\t\t\t    \t\t<div class=\"action-button\">\n\t\t\t\t\t    \t\t<a class=\"button-style-4 btn-common\" href=\"https:\/\/izmirkraft.com\/en\/products\/\">Products<i class=\"icon-faktorie-right-arrow\"><\/i><\/a>\n\t\t\t\t\t    \t<\/div>\n\t\t\t\t\t    \t\t\t\t\t\t    \t\n\t\t\t\t\t\t\t<div class=\"content-icon\"><\/div>\t\t\t\t\t    <\/div>\n\t\t\t\t\t    \t\t\t\t\t    <div class=\"service-figure\">\n\t\t\t\t\t    \t<img decoding=\"async\" width=\"480\" height=\"480\" src=\"https:\/\/izmirkraft.com\/wp-content\/uploads\/2023\/06\/179-480x480.jpg\" class=\"attachment-faktorie-size5 size-faktorie-size5\" alt=\"\" srcset=\"https:\/\/izmirkraft.com\/wp-content\/uploads\/2023\/06\/179-480x480.jpg 480w, https:\/\/izmirkraft.com\/wp-content\/uploads\/2023\/06\/179-150x150.jpg 150w, https:\/\/izmirkraft.com\/wp-content\/uploads\/2023\/06\/179-300x300.jpg 300w, https:\/\/izmirkraft.com\/wp-content\/uploads\/2023\/06\/179-100x100.jpg 100w\" sizes=\"(max-width: 480px) 100vw, 480px\" \/>\t\t\t\t\t    <\/div>\n\t\t\t\t\t\t\t\t\t\t\t<\/div>\n\t\t    \t<\/div>\n\t\t    \t  \t<\/div>\n\t<\/div>\n<\/div>\n\t\t<\/div>\n\t\t\t\t<\/div>\n\t\t\t\t\t<\/div>\n\t\t<\/div>\n\t\t\t\t\t<\/div>\n\t\t<\/section>\n\t\t\t\t<\/div>","protected":false},"excerpt":{"rendered":"<p>Kire\u00e7 ve Maden \u00c7imento Yap\u0131 Kimyasallar\u0131 Kire\u00e7 ve Maden Kire\u00e7 ve maden sekt\u00f6r\u00fc, hammaddelerin \u00e7\u0131kar\u0131lmas\u0131, i\u015flenmesi ve da\u011f\u0131t\u0131m\u0131yla ilgilenen \u00f6nemli end\u00fcstrilerdir. Bu end\u00fcstrilerde, \u00fcr\u00fcnlerin ta\u015f\u0131nmas\u0131, depolanmas\u0131 ve sat\u0131\u015f\u0131 i\u00e7in uygun ambalajlama \u00e7\u00f6z\u00fcmleri b\u00fcy\u00fck \u00f6nem ta\u015f\u0131r. \u00dcr\u00fcnlerimiz \u00c7imento \u00c7imento sekt\u00f6r\u00fcnde ambalaj \u00fcretimi, \u00fcr\u00fcnlerin g\u00fcvenli bir \u015fekilde ta\u015f\u0131nmas\u0131 ve depolanmas\u0131n\u0131 sa\u011flamak i\u00e7in \u00f6nemli bir unsurdur. Sekt\u00f6r, dayan\u0131kl\u0131, [&hellip;]<\/p>","protected":false},"author":1,"featured_media":0,"parent":0,"menu_order":0,"comment_status":"closed","ping_status":"closed","template":"elementor_header_footer","meta":{"footnotes":""},"_links":{"self":[{"href":"https:\/\/izmirkraft.com\/en\/wp-json\/wp\/v2\/pages\/4803"}],"collection":[{"href":"https:\/\/izmirkraft.com\/en\/wp-json\/wp\/v2\/pages"}],"about":[{"href":"https:\/\/izmirkraft.com\/en\/wp-json\/wp\/v2\/types\/page"}],"author":[{"embeddable":true,"href":"https:\/\/izmirkraft.com\/en\/wp-json\/wp\/v2\/users\/1"}],"replies":[{"embeddable":true,"href":"https:\/\/izmirkraft.com\/en\/wp-json\/wp\/v2\/comments?post=4803"}],"version-history":[{"count":16,"href":"https:\/\/izmirkraft.com\/en\/wp-json\/wp\/v2\/pages\/4803\/revisions"}],"predecessor-version":[{"id":5231,"href":"https:\/\/izmirkraft.com\/en\/wp-json\/wp\/v2\/pages\/4803\/revisions\/5231"}],"wp:attachment":[{"href":"https:\/\/izmirkraft.com\/en\/wp-json\/wp\/v2\/media?parent=4803"}],"curies":[{"name":"wp","href":"https:\/\/api.w.org\/{rel}","templated":true}]}}