{"id":5176,"date":"2024-07-23T17:52:04","date_gmt":"2024-07-23T14:52:04","guid":{"rendered":"https:\/\/izmirkraft.com\/?page_id=5176"},"modified":"2024-07-23T18:06:29","modified_gmt":"2024-07-23T15:06:29","slug":"products","status":"publish","type":"page","link":"https:\/\/izmirkraft.com\/en\/products\/","title":{"rendered":"Products"},"content":{"rendered":"<div data-elementor-type=\"wp-page\" data-elementor-id=\"5176\" class=\"elementor elementor-5176\">\n\t\t\t\t\t\t<section class=\"elementor-section elementor-top-section elementor-element elementor-element-e4f54e9 elementor-section-boxed elementor-section-height-default elementor-section-height-default rt-parallax-bg-no\" data-id=\"e4f54e9\" data-element_type=\"section\">\n\t\t\t\t\t\t<div class=\"elementor-container elementor-column-gap-default\">\n\t\t\t\t\t<div class=\"elementor-column elementor-col-50 elementor-top-column elementor-element elementor-element-a945e43\" data-id=\"a945e43\" data-element_type=\"column\">\n\t\t\t<div class=\"elementor-widget-wrap elementor-element-populated\">\n\t\t\t\t\t\t<div class=\"elementor-element elementor-element-b1ac14f elementor-widget elementor-widget-image\" data-id=\"b1ac14f\" data-element_type=\"widget\" data-widget_type=\"image.default\">\n\t\t\t\t<div class=\"elementor-widget-container\">\n\t\t\t\t\t\t\t\t\t\t\t\t\t\t<a href=\"https:\/\/izmirkraft.com\/en\/product\/acik-agiz-torba\/\">\n\t\t\t\t\t\t\t<img fetchpriority=\"high\" decoding=\"async\" width=\"1024\" height=\"724\" src=\"https:\/\/izmirkraft.com\/wp-content\/uploads\/2023\/06\/179-1024x724.jpg\" class=\"attachment-large size-large wp-image-4718\" alt=\"\" srcset=\"https:\/\/izmirkraft.com\/wp-content\/uploads\/2023\/06\/179-1024x724.jpg 1024w, https:\/\/izmirkraft.com\/wp-content\/uploads\/2023\/06\/179-300x212.jpg 300w, https:\/\/izmirkraft.com\/wp-content\/uploads\/2023\/06\/179-768x543.jpg 768w, https:\/\/izmirkraft.com\/wp-content\/uploads\/2023\/06\/179-1536x1086.jpg 1536w, https:\/\/izmirkraft.com\/wp-content\/uploads\/2023\/06\/179-2048x1448.jpg 2048w, https:\/\/izmirkraft.com\/wp-content\/uploads\/2023\/06\/179-18x12.jpg 18w, https:\/\/izmirkraft.com\/wp-content\/uploads\/2023\/06\/179-600x424.jpg 600w, https:\/\/izmirkraft.com\/wp-content\/uploads\/2023\/06\/179-scaled-e1712229317222.jpg 500w\" sizes=\"(max-width: 1024px) 100vw, 1024px\" \/>\t\t\t\t\t\t\t\t<\/a>\n\t\t\t\t\t\t\t\t\t\t\t\t\t<\/div>\n\t\t\t\t<\/div>\n\t\t\t\t<div class=\"elementor-element elementor-element-fd3239c elementor-widget elementor-widget-text-editor\" data-id=\"fd3239c\" data-element_type=\"widget\" data-widget_type=\"text-editor.default\">\n\t\t\t\t<div class=\"elementor-widget-container\">\n\t\t\t\t\t\t\t<p style=\"text-align: center;\"><a href=\"https:\/\/izmirkraft.com\/en\/product\/acik-agiz-torba\/\"><span style=\"color: #000000;\"><strong>Open Mouth Bag<\/strong><\/span><\/a><\/p>\t\t\t\t\t\t<\/div>\n\t\t\t\t<\/div>\n\t\t\t\t\t<\/div>\n\t\t<\/div>\n\t\t\t\t<div class=\"elementor-column elementor-col-50 elementor-top-column elementor-element elementor-element-f63fdbd\" data-id=\"f63fdbd\" data-element_type=\"column\">\n\t\t\t<div class=\"elementor-widget-wrap elementor-element-populated\">\n\t\t\t\t\t\t<div class=\"elementor-element elementor-element-25d80ac elementor-widget elementor-widget-image\" data-id=\"25d80ac\" data-element_type=\"widget\" data-widget_type=\"image.default\">\n\t\t\t\t<div class=\"elementor-widget-container\">\n\t\t\t\t\t\t\t\t\t\t\t\t\t\t<a href=\"https:\/\/izmirkraft.com\/en\/product\/valfli-torbalar\/\">\n\t\t\t\t\t\t\t<img decoding=\"async\" width=\"1024\" height=\"724\" src=\"https:\/\/izmirkraft.com\/wp-content\/uploads\/2023\/06\/234-1024x724.jpg\" class=\"attachment-large size-large wp-image-4717\" alt=\"\" srcset=\"https:\/\/izmirkraft.com\/wp-content\/uploads\/2023\/06\/234-1024x724.jpg 1024w, https:\/\/izmirkraft.com\/wp-content\/uploads\/2023\/06\/234-300x212.jpg 300w, https:\/\/izmirkraft.com\/wp-content\/uploads\/2023\/06\/234-768x543.jpg 768w, https:\/\/izmirkraft.com\/wp-content\/uploads\/2023\/06\/234-1536x1086.jpg 1536w, https:\/\/izmirkraft.com\/wp-content\/uploads\/2023\/06\/234-2048x1448.jpg 2048w, https:\/\/izmirkraft.com\/wp-content\/uploads\/2023\/06\/234-18x12.jpg 18w, https:\/\/izmirkraft.com\/wp-content\/uploads\/2023\/06\/234-600x424.jpg 600w\" sizes=\"(max-width: 1024px) 100vw, 1024px\" \/>\t\t\t\t\t\t\t\t<\/a>\n\t\t\t\t\t\t\t\t\t\t\t\t\t<\/div>\n\t\t\t\t<\/div>\n\t\t\t\t<div class=\"elementor-element elementor-element-eaebfb5 elementor-widget elementor-widget-text-editor\" data-id=\"eaebfb5\" data-element_type=\"widget\" data-widget_type=\"text-editor.default\">\n\t\t\t\t<div class=\"elementor-widget-container\">\n\t\t\t\t\t\t\t<p style=\"text-align: center;\"><a href=\"https:\/\/izmirkraft.com\/en\/product\/valfli-torbalar\/\"><span style=\"color: #000000;\"><strong>Pasted Valve Bag<\/strong><\/span><\/a><\/p>\t\t\t\t\t\t<\/div>\n\t\t\t\t<\/div>\n\t\t\t\t\t<\/div>\n\t\t<\/div>\n\t\t\t\t\t<\/div>\n\t\t<\/section>\n\t\t\t\t<\/div>","protected":false},"excerpt":{"rendered":"<p>A\u00e7\u0131k A\u011f\u0131z Torba Valfli Torbalar<\/p>","protected":false},"author":1,"featured_media":0,"parent":0,"menu_order":0,"comment_status":"closed","ping_status":"closed","template":"elementor_header_footer","meta":{"footnotes":""},"_links":{"self":[{"href":"https:\/\/izmirkraft.com\/en\/wp-json\/wp\/v2\/pages\/5176"}],"collection":[{"href":"https:\/\/izmirkraft.com\/en\/wp-json\/wp\/v2\/pages"}],"about":[{"href":"https:\/\/izmirkraft.com\/en\/wp-json\/wp\/v2\/types\/page"}],"author":[{"embeddable":true,"href":"https:\/\/izmirkraft.com\/en\/wp-json\/wp\/v2\/users\/1"}],"replies":[{"embeddable":true,"href":"https:\/\/izmirkraft.com\/en\/wp-json\/wp\/v2\/comments?post=5176"}],"version-history":[{"count":11,"href":"https:\/\/izmirkraft.com\/en\/wp-json\/wp\/v2\/pages\/5176\/revisions"}],"predecessor-version":[{"id":5187,"href":"https:\/\/izmirkraft.com\/en\/wp-json\/wp\/v2\/pages\/5176\/revisions\/5187"}],"wp:attachment":[{"href":"https:\/\/izmirkraft.com\/en\/wp-json\/wp\/v2\/media?parent=5176"}],"curies":[{"name":"wp","href":"https:\/\/api.w.org\/{rel}","templated":true}]}}