{"id":5206,"date":"2024-07-23T18:27:20","date_gmt":"2024-07-23T15:27:20","guid":{"rendered":"https:\/\/izmirkraft.com\/?page_id=5206"},"modified":"2024-10-17T17:04:29","modified_gmt":"2024-10-17T14:04:29","slug":"opx-sistemi","status":"publish","type":"page","link":"https:\/\/izmirkraft.com\/en\/opx-sistemi\/","title":{"rendered":"Operational Excellence System"},"content":{"rendered":"<div data-elementor-type=\"wp-page\" data-elementor-id=\"5206\" class=\"elementor elementor-5206\">\n\t\t\t\t\t\t<section class=\"elementor-section elementor-top-section elementor-element elementor-element-afd4382 elementor-section-boxed elementor-section-height-default elementor-section-height-default rt-parallax-bg-no\" data-id=\"afd4382\" data-element_type=\"section\">\n\t\t\t\t\t\t<div class=\"elementor-container elementor-column-gap-default\">\n\t\t\t\t\t<div class=\"elementor-column elementor-col-100 elementor-top-column elementor-element elementor-element-75053d4\" data-id=\"75053d4\" data-element_type=\"column\">\n\t\t\t<div class=\"elementor-widget-wrap elementor-element-populated\">\n\t\t\t\t\t\t<div class=\"elementor-element elementor-element-7048e59 elementor-invisible elementor-widget elementor-widget-rt-title-with-text\" data-id=\"7048e59\" data-element_type=\"widget\" data-widget_type=\"rt-title-with-text.default\">\n\t\t\t\t<div class=\"elementor-widget-container\">\n\t\t\t<div class=\"rt-title-text has-animation title-text-style1\">\n\t\t\t<div class=\"entry-subtitle hide fadeInUp\" data-wow-delay=\"0.2s\" data-wow-duration=\"1.2s\">\u0130ZM\u0130R KRAFT<span class=\"line\"><\/span><\/div>\n\t\t\t\t<h4 class=\"entry-title hide fadeInUp\" data-wow-delay=\"0.4s\" data-wow-duration=\"1.2s\">Operational Excellence System<\/h4>\t\t\n\t\t\n\t<div class=\"entry-content hide fadeInUp\" data-wow-delay=\"0.6s\" data-wow-duration=\"1.2s\"><p class=\"translation-block\">Our Operational Excellence System ensures the standardization of operations with a systematic approach, the establishment of a continuous improvement culture with employee participation, competitive power, flexibility, sustainability, the ability to focus on value-adding work with zero waste, and the permanent resolution of problems. In order to achieve world-class performance, we UNITE with our employees , ensure OPERATIONAL EXCELLENCE , and GROW our business.<\/p><\/div>\n\n\t<\/div>\t\t<\/div>\n\t\t\t\t<\/div>\n\t\t\t\t\t<\/div>\n\t\t<\/div>\n\t\t\t\t\t<\/div>\n\t\t<\/section>\n\t\t\t\t<section class=\"elementor-section elementor-top-section elementor-element elementor-element-516e314 elementor-section-boxed elementor-section-height-default elementor-section-height-default rt-parallax-bg-no\" data-id=\"516e314\" data-element_type=\"section\">\n\t\t\t\t\t\t<div class=\"elementor-container elementor-column-gap-default\">\n\t\t\t\t\t<div class=\"elementor-column elementor-col-100 elementor-top-column elementor-element elementor-element-4fd4390\" data-id=\"4fd4390\" data-element_type=\"column\">\n\t\t\t<div class=\"elementor-widget-wrap elementor-element-populated\">\n\t\t\t\t\t\t<div class=\"elementor-element elementor-element-5d967ed elementor-widget elementor-widget-image\" data-id=\"5d967ed\" data-element_type=\"widget\" data-widget_type=\"image.default\">\n\t\t\t\t<div class=\"elementor-widget-container\">\n\t\t\t\t\t\t\t\t\t\t\t\t\t<img fetchpriority=\"high\" decoding=\"async\" width=\"1019\" height=\"720\" src=\"https:\/\/izmirkraft.com\/wp-content\/uploads\/2024\/07\/OPx_resim.png\" class=\"attachment-large size-large wp-image-5208\" alt=\"\" srcset=\"https:\/\/izmirkraft.com\/wp-content\/uploads\/2024\/07\/OPx_resim.png 1019w, https:\/\/izmirkraft.com\/wp-content\/uploads\/2024\/07\/OPx_resim-300x212.png 300w, https:\/\/izmirkraft.com\/wp-content\/uploads\/2024\/07\/OPx_resim-768x543.png 768w, https:\/\/izmirkraft.com\/wp-content\/uploads\/2024\/07\/OPx_resim-600x424.png 600w\" sizes=\"(max-width: 1019px) 100vw, 1019px\" \/>\t\t\t\t\t\t\t\t\t\t\t\t\t<\/div>\n\t\t\t\t<\/div>\n\t\t\t\t\t<\/div>\n\t\t<\/div>\n\t\t\t\t\t<\/div>\n\t\t<\/section>\n\t\t\t\t<section class=\"elementor-section elementor-top-section elementor-element elementor-element-1d6a508 elementor-section-boxed elementor-section-height-default elementor-section-height-default rt-parallax-bg-no\" data-id=\"1d6a508\" data-element_type=\"section\">\n\t\t\t\t\t\t<div class=\"elementor-container elementor-column-gap-default\">\n\t\t\t\t\t<div class=\"elementor-column elementor-col-100 elementor-top-column elementor-element elementor-element-4f8b45f\" data-id=\"4f8b45f\" data-element_type=\"column\">\n\t\t\t<div class=\"elementor-widget-wrap elementor-element-populated\">\n\t\t\t\t\t\t<div class=\"elementor-element elementor-element-b10fb97 elementor-widget elementor-widget-spacer\" data-id=\"b10fb97\" data-element_type=\"widget\" data-widget_type=\"spacer.default\">\n\t\t\t\t<div class=\"elementor-widget-container\">\n\t\t\t\t\t<div class=\"elementor-spacer\">\n\t\t\t<div class=\"elementor-spacer-inner\"><\/div>\n\t\t<\/div>\n\t\t\t\t<\/div>\n\t\t\t\t<\/div>\n\t\t\t\t\t<\/div>\n\t\t<\/div>\n\t\t\t\t\t<\/div>\n\t\t<\/section>\n\t\t\t\t<section class=\"elementor-section elementor-top-section elementor-element elementor-element-f7b13ec elementor-section-boxed elementor-section-height-default elementor-section-height-default rt-parallax-bg-no\" data-id=\"f7b13ec\" data-element_type=\"section\">\n\t\t\t\t\t\t<div class=\"elementor-container elementor-column-gap-default\">\n\t\t\t\t\t<div class=\"elementor-column elementor-col-100 elementor-top-column elementor-element elementor-element-9d05ce0\" data-id=\"9d05ce0\" data-element_type=\"column\">\n\t\t\t<div class=\"elementor-widget-wrap elementor-element-populated\">\n\t\t\t\t\t\t<div class=\"elementor-element elementor-element-a35c6a8 elementor-widget elementor-widget-image\" data-id=\"a35c6a8\" data-element_type=\"widget\" data-widget_type=\"image.default\">\n\t\t\t\t<div class=\"elementor-widget-container\">\n\t\t\t\t\t\t\t\t\t\t\t\t\t<img decoding=\"async\" width=\"751\" height=\"544\" src=\"https:\/\/izmirkraft.com\/wp-content\/uploads\/2024\/10\/pusula.png\" class=\"attachment-large size-large wp-image-5314\" alt=\"\" srcset=\"https:\/\/izmirkraft.com\/wp-content\/uploads\/2024\/10\/pusula.png 751w, https:\/\/izmirkraft.com\/wp-content\/uploads\/2024\/10\/pusula-300x217.png 300w, https:\/\/izmirkraft.com\/wp-content\/uploads\/2024\/10\/pusula-18x12.png 18w, https:\/\/izmirkraft.com\/wp-content\/uploads\/2024\/10\/pusula-600x435.png 600w\" sizes=\"(max-width: 751px) 100vw, 751px\" \/>\t\t\t\t\t\t\t\t\t\t\t\t\t<\/div>\n\t\t\t\t<\/div>\n\t\t\t\t\t<\/div>\n\t\t<\/div>\n\t\t\t\t\t<\/div>\n\t\t<\/section>\n\t\t\t\t<section class=\"elementor-section elementor-top-section elementor-element elementor-element-08656e4 elementor-section-boxed elementor-section-height-default elementor-section-height-default rt-parallax-bg-no\" data-id=\"08656e4\" data-element_type=\"section\">\n\t\t\t\t\t\t<div class=\"elementor-container elementor-column-gap-default\">\n\t\t\t\t\t<div class=\"elementor-column elementor-col-100 elementor-top-column elementor-element elementor-element-4827dfa\" data-id=\"4827dfa\" data-element_type=\"column\">\n\t\t\t<div class=\"elementor-widget-wrap elementor-element-populated\">\n\t\t\t\t\t\t<div class=\"elementor-element elementor-element-30dfaa2 elementor-widget elementor-widget-spacer\" data-id=\"30dfaa2\" data-element_type=\"widget\" data-widget_type=\"spacer.default\">\n\t\t\t\t<div class=\"elementor-widget-container\">\n\t\t\t\t\t<div class=\"elementor-spacer\">\n\t\t\t<div class=\"elementor-spacer-inner\"><\/div>\n\t\t<\/div>\n\t\t\t\t<\/div>\n\t\t\t\t<\/div>\n\t\t\t\t\t<\/div>\n\t\t<\/div>\n\t\t\t\t\t<\/div>\n\t\t<\/section>\n\t\t\t\t<section class=\"elementor-section elementor-top-section elementor-element elementor-element-3ef4c23 elementor-section-boxed elementor-section-height-default elementor-section-height-default rt-parallax-bg-no\" data-id=\"3ef4c23\" data-element_type=\"section\">\n\t\t\t\t\t\t<div class=\"elementor-container elementor-column-gap-default\">\n\t\t\t\t\t<div class=\"elementor-column elementor-col-100 elementor-top-column elementor-element elementor-element-ce27f84\" data-id=\"ce27f84\" data-element_type=\"column\">\n\t\t\t<div class=\"elementor-widget-wrap elementor-element-populated\">\n\t\t\t\t\t\t<div class=\"elementor-element elementor-element-ae062b7 elementor-widget elementor-widget-image\" data-id=\"ae062b7\" data-element_type=\"widget\" data-widget_type=\"image.default\">\n\t\t\t\t<div class=\"elementor-widget-container\">\n\t\t\t\t\t\t\t\t\t\t\t\t\t<img decoding=\"async\" width=\"1024\" height=\"549\" src=\"https:\/\/izmirkraft.com\/wp-content\/uploads\/2024\/10\/logo-tr-en-1024x549.png\" class=\"attachment-large size-large wp-image-5312\" alt=\"\" srcset=\"https:\/\/izmirkraft.com\/wp-content\/uploads\/2024\/10\/logo-tr-en-1024x549.png 1024w, https:\/\/izmirkraft.com\/wp-content\/uploads\/2024\/10\/logo-tr-en-300x161.png 300w, https:\/\/izmirkraft.com\/wp-content\/uploads\/2024\/10\/logo-tr-en-768x412.png 768w, https:\/\/izmirkraft.com\/wp-content\/uploads\/2024\/10\/logo-tr-en-18x10.png 18w, https:\/\/izmirkraft.com\/wp-content\/uploads\/2024\/10\/logo-tr-en-600x322.png 600w, https:\/\/izmirkraft.com\/wp-content\/uploads\/2024\/10\/logo-tr-en.png 1233w\" sizes=\"(max-width: 1024px) 100vw, 1024px\" \/>\t\t\t\t\t\t\t\t\t\t\t\t\t<\/div>\n\t\t\t\t<\/div>\n\t\t\t\t\t<\/div>\n\t\t<\/div>\n\t\t\t\t\t<\/div>\n\t\t<\/section>\n\t\t\t\t<section class=\"elementor-section elementor-top-section elementor-element elementor-element-51e62c5 elementor-section-boxed elementor-section-height-default elementor-section-height-default rt-parallax-bg-no\" data-id=\"51e62c5\" data-element_type=\"section\">\n\t\t\t\t\t\t<div class=\"elementor-container elementor-column-gap-default\">\n\t\t\t\t\t<div class=\"elementor-column elementor-col-100 elementor-top-column elementor-element elementor-element-e499691\" data-id=\"e499691\" data-element_type=\"column\">\n\t\t\t<div class=\"elementor-widget-wrap elementor-element-populated\">\n\t\t\t\t\t\t<div class=\"elementor-element elementor-element-335003c elementor-widget elementor-widget-spacer\" data-id=\"335003c\" data-element_type=\"widget\" data-widget_type=\"spacer.default\">\n\t\t\t\t<div class=\"elementor-widget-container\">\n\t\t\t\t\t<div class=\"elementor-spacer\">\n\t\t\t<div class=\"elementor-spacer-inner\"><\/div>\n\t\t<\/div>\n\t\t\t\t<\/div>\n\t\t\t\t<\/div>\n\t\t\t\t\t<\/div>\n\t\t<\/div>\n\t\t\t\t\t<\/div>\n\t\t<\/section>\n\t\t\t\t<section class=\"elementor-section elementor-top-section elementor-element elementor-element-de97982 elementor-section-boxed elementor-section-height-default elementor-section-height-default rt-parallax-bg-no\" data-id=\"de97982\" data-element_type=\"section\">\n\t\t\t\t\t\t<div class=\"elementor-container elementor-column-gap-default\">\n\t\t\t\t\t<div class=\"elementor-column elementor-col-100 elementor-top-column elementor-element elementor-element-f92ba86\" data-id=\"f92ba86\" data-element_type=\"column\">\n\t\t\t<div class=\"elementor-widget-wrap elementor-element-populated\">\n\t\t\t\t\t\t<div class=\"elementor-element elementor-element-9b127fd elementor-widget elementor-widget-image\" data-id=\"9b127fd\" data-element_type=\"widget\" data-widget_type=\"image.default\">\n\t\t\t\t<div class=\"elementor-widget-container\">\n\t\t\t\t\t\t\t\t\t\t\t\t\t<img loading=\"lazy\" decoding=\"async\" width=\"1024\" height=\"669\" src=\"https:\/\/izmirkraft.com\/wp-content\/uploads\/2024\/10\/prensipler-tr-en-1024x669.png\" class=\"attachment-large size-large wp-image-5313\" alt=\"\" srcset=\"https:\/\/izmirkraft.com\/wp-content\/uploads\/2024\/10\/prensipler-tr-en-1024x669.png 1024w, https:\/\/izmirkraft.com\/wp-content\/uploads\/2024\/10\/prensipler-tr-en-300x196.png 300w, https:\/\/izmirkraft.com\/wp-content\/uploads\/2024\/10\/prensipler-tr-en-768x502.png 768w, https:\/\/izmirkraft.com\/wp-content\/uploads\/2024\/10\/prensipler-tr-en-18x12.png 18w, https:\/\/izmirkraft.com\/wp-content\/uploads\/2024\/10\/prensipler-tr-en-600x392.png 600w, https:\/\/izmirkraft.com\/wp-content\/uploads\/2024\/10\/prensipler-tr-en.png 1102w\" sizes=\"(max-width: 1024px) 100vw, 1024px\" \/>\t\t\t\t\t\t\t\t\t\t\t\t\t<\/div>\n\t\t\t\t<\/div>\n\t\t\t\t\t<\/div>\n\t\t<\/div>\n\t\t\t\t\t<\/div>\n\t\t<\/section>\n\t\t\t\t<section class=\"elementor-section elementor-top-section elementor-element elementor-element-22922f9 elementor-section-boxed elementor-section-height-default elementor-section-height-default rt-parallax-bg-no\" data-id=\"22922f9\" data-element_type=\"section\">\n\t\t\t\t\t\t<div class=\"elementor-container elementor-column-gap-default\">\n\t\t\t\t\t<div class=\"elementor-column elementor-col-100 elementor-top-column elementor-element elementor-element-db0a3f3\" data-id=\"db0a3f3\" data-element_type=\"column\">\n\t\t\t<div class=\"elementor-widget-wrap elementor-element-populated\">\n\t\t\t\t\t\t<div class=\"elementor-element elementor-element-3a238f7 elementor-widget elementor-widget-spacer\" data-id=\"3a238f7\" data-element_type=\"widget\" data-widget_type=\"spacer.default\">\n\t\t\t\t<div class=\"elementor-widget-container\">\n\t\t\t\t\t<div class=\"elementor-spacer\">\n\t\t\t<div class=\"elementor-spacer-inner\"><\/div>\n\t\t<\/div>\n\t\t\t\t<\/div>\n\t\t\t\t<\/div>\n\t\t\t\t\t<\/div>\n\t\t<\/div>\n\t\t\t\t\t<\/div>\n\t\t<\/section>\n\t\t\t\t<section class=\"elementor-section elementor-top-section elementor-element elementor-element-f372fc8 elementor-section-boxed elementor-section-height-default elementor-section-height-default rt-parallax-bg-no\" data-id=\"f372fc8\" data-element_type=\"section\">\n\t\t\t\t\t\t<div class=\"elementor-container elementor-column-gap-default\">\n\t\t\t\t\t<div class=\"elementor-column elementor-col-100 elementor-top-column elementor-element elementor-element-d7bb7ed\" data-id=\"d7bb7ed\" data-element_type=\"column\">\n\t\t\t<div class=\"elementor-widget-wrap elementor-element-populated\">\n\t\t\t\t\t\t<div class=\"elementor-element elementor-element-d905dca elementor-widget elementor-widget-image\" data-id=\"d905dca\" data-element_type=\"widget\" data-widget_type=\"image.default\">\n\t\t\t\t<div class=\"elementor-widget-container\">\n\t\t\t\t\t\t\t\t\t\t\t\t\t<img loading=\"lazy\" decoding=\"async\" width=\"1024\" height=\"546\" src=\"https:\/\/izmirkraft.com\/wp-content\/uploads\/2024\/10\/dms-tr-en-1024x546.png\" class=\"attachment-large size-large wp-image-5309\" alt=\"\" srcset=\"https:\/\/izmirkraft.com\/wp-content\/uploads\/2024\/10\/dms-tr-en-1024x546.png 1024w, https:\/\/izmirkraft.com\/wp-content\/uploads\/2024\/10\/dms-tr-en-300x160.png 300w, https:\/\/izmirkraft.com\/wp-content\/uploads\/2024\/10\/dms-tr-en-768x410.png 768w, https:\/\/izmirkraft.com\/wp-content\/uploads\/2024\/10\/dms-tr-en-18x10.png 18w, https:\/\/izmirkraft.com\/wp-content\/uploads\/2024\/10\/dms-tr-en-1296x690.png 1296w, https:\/\/izmirkraft.com\/wp-content\/uploads\/2024\/10\/dms-tr-en-600x320.png 600w, https:\/\/izmirkraft.com\/wp-content\/uploads\/2024\/10\/dms-tr-en.png 1410w\" sizes=\"(max-width: 1024px) 100vw, 1024px\" \/>\t\t\t\t\t\t\t\t\t\t\t\t\t<\/div>\n\t\t\t\t<\/div>\n\t\t\t\t\t<\/div>\n\t\t<\/div>\n\t\t\t\t\t<\/div>\n\t\t<\/section>\n\t\t\t\t<section class=\"elementor-section elementor-top-section elementor-element elementor-element-464c7d1 elementor-section-boxed elementor-section-height-default elementor-section-height-default rt-parallax-bg-no\" data-id=\"464c7d1\" data-element_type=\"section\">\n\t\t\t\t\t\t<div class=\"elementor-container elementor-column-gap-default\">\n\t\t\t\t\t<div class=\"elementor-column elementor-col-100 elementor-top-column elementor-element elementor-element-adfed8e\" data-id=\"adfed8e\" data-element_type=\"column\">\n\t\t\t<div class=\"elementor-widget-wrap elementor-element-populated\">\n\t\t\t\t\t\t<div class=\"elementor-element elementor-element-ecdb822 elementor-widget elementor-widget-spacer\" data-id=\"ecdb822\" data-element_type=\"widget\" data-widget_type=\"spacer.default\">\n\t\t\t\t<div class=\"elementor-widget-container\">\n\t\t\t\t\t<div class=\"elementor-spacer\">\n\t\t\t<div class=\"elementor-spacer-inner\"><\/div>\n\t\t<\/div>\n\t\t\t\t<\/div>\n\t\t\t\t<\/div>\n\t\t\t\t\t<\/div>\n\t\t<\/div>\n\t\t\t\t\t<\/div>\n\t\t<\/section>\n\t\t\t\t<section class=\"elementor-section elementor-top-section elementor-element elementor-element-e60a3fd elementor-section-boxed elementor-section-height-default elementor-section-height-default rt-parallax-bg-no\" data-id=\"e60a3fd\" data-element_type=\"section\">\n\t\t\t\t\t\t<div class=\"elementor-container elementor-column-gap-default\">\n\t\t\t\t\t<div class=\"elementor-column elementor-col-100 elementor-top-column elementor-element elementor-element-557f894\" data-id=\"557f894\" data-element_type=\"column\">\n\t\t\t<div class=\"elementor-widget-wrap elementor-element-populated\">\n\t\t\t\t\t\t<div class=\"elementor-element elementor-element-ae58c73 elementor-widget elementor-widget-image\" data-id=\"ae58c73\" data-element_type=\"widget\" data-widget_type=\"image.default\">\n\t\t\t\t<div class=\"elementor-widget-container\">\n\t\t\t\t\t\t\t\t\t\t\t\t\t<img loading=\"lazy\" decoding=\"async\" width=\"1024\" height=\"659\" src=\"https:\/\/izmirkraft.com\/wp-content\/uploads\/2024\/10\/israf-1024x659.png\" class=\"attachment-large size-large wp-image-5311\" alt=\"\" srcset=\"https:\/\/izmirkraft.com\/wp-content\/uploads\/2024\/10\/israf-1024x659.png 1024w, https:\/\/izmirkraft.com\/wp-content\/uploads\/2024\/10\/israf-300x193.png 300w, https:\/\/izmirkraft.com\/wp-content\/uploads\/2024\/10\/israf-768x494.png 768w, https:\/\/izmirkraft.com\/wp-content\/uploads\/2024\/10\/israf-18x12.png 18w, https:\/\/izmirkraft.com\/wp-content\/uploads\/2024\/10\/israf-600x386.png 600w, https:\/\/izmirkraft.com\/wp-content\/uploads\/2024\/10\/israf.png 1137w\" sizes=\"(max-width: 1024px) 100vw, 1024px\" \/>\t\t\t\t\t\t\t\t\t\t\t\t\t<\/div>\n\t\t\t\t<\/div>\n\t\t\t\t\t<\/div>\n\t\t<\/div>\n\t\t\t\t\t<\/div>\n\t\t<\/section>\n\t\t\t\t<section class=\"elementor-section elementor-top-section elementor-element elementor-element-a583bf6 elementor-section-boxed elementor-section-height-default elementor-section-height-default rt-parallax-bg-no\" data-id=\"a583bf6\" data-element_type=\"section\">\n\t\t\t\t\t\t<div class=\"elementor-container elementor-column-gap-default\">\n\t\t\t\t\t<div class=\"elementor-column elementor-col-100 elementor-top-column elementor-element elementor-element-bad61f4\" data-id=\"bad61f4\" data-element_type=\"column\">\n\t\t\t<div class=\"elementor-widget-wrap elementor-element-populated\">\n\t\t\t\t\t\t<div class=\"elementor-element elementor-element-689f5b0 elementor-widget elementor-widget-spacer\" data-id=\"689f5b0\" data-element_type=\"widget\" data-widget_type=\"spacer.default\">\n\t\t\t\t<div class=\"elementor-widget-container\">\n\t\t\t\t\t<div class=\"elementor-spacer\">\n\t\t\t<div class=\"elementor-spacer-inner\"><\/div>\n\t\t<\/div>\n\t\t\t\t<\/div>\n\t\t\t\t<\/div>\n\t\t\t\t\t<\/div>\n\t\t<\/div>\n\t\t\t\t\t<\/div>\n\t\t<\/section>\n\t\t\t\t<section class=\"elementor-section elementor-top-section elementor-element elementor-element-8352e89 elementor-section-boxed elementor-section-height-default elementor-section-height-default rt-parallax-bg-no\" data-id=\"8352e89\" data-element_type=\"section\">\n\t\t\t\t\t\t<div class=\"elementor-container elementor-column-gap-default\">\n\t\t\t\t\t<div class=\"elementor-column elementor-col-100 elementor-top-column elementor-element elementor-element-752391f\" data-id=\"752391f\" data-element_type=\"column\">\n\t\t\t<div class=\"elementor-widget-wrap elementor-element-populated\">\n\t\t\t\t\t\t<div class=\"elementor-element elementor-element-5be675a elementor-widget elementor-widget-image\" data-id=\"5be675a\" data-element_type=\"widget\" data-widget_type=\"image.default\">\n\t\t\t\t<div class=\"elementor-widget-container\">\n\t\t\t\t\t\t\t\t\t\t\t\t\t<img loading=\"lazy\" decoding=\"async\" width=\"1024\" height=\"532\" src=\"https:\/\/izmirkraft.com\/wp-content\/uploads\/2024\/10\/iletisim-dili-tr-en-1-1024x532.png\" class=\"attachment-large size-large wp-image-5349\" alt=\"\" srcset=\"https:\/\/izmirkraft.com\/wp-content\/uploads\/2024\/10\/iletisim-dili-tr-en-1-1024x532.png 1024w, https:\/\/izmirkraft.com\/wp-content\/uploads\/2024\/10\/iletisim-dili-tr-en-1-300x156.png 300w, https:\/\/izmirkraft.com\/wp-content\/uploads\/2024\/10\/iletisim-dili-tr-en-1-768x399.png 768w, https:\/\/izmirkraft.com\/wp-content\/uploads\/2024\/10\/iletisim-dili-tr-en-1-18x9.png 18w, https:\/\/izmirkraft.com\/wp-content\/uploads\/2024\/10\/iletisim-dili-tr-en-1-600x312.png 600w, https:\/\/izmirkraft.com\/wp-content\/uploads\/2024\/10\/iletisim-dili-tr-en-1.png 1252w\" sizes=\"(max-width: 1024px) 100vw, 1024px\" \/>\t\t\t\t\t\t\t\t\t\t\t\t\t<\/div>\n\t\t\t\t<\/div>\n\t\t\t\t\t<\/div>\n\t\t<\/div>\n\t\t\t\t\t<\/div>\n\t\t<\/section>\n\t\t\t\t<section class=\"elementor-section elementor-top-section elementor-element elementor-element-e38a654 elementor-section-boxed elementor-section-height-default elementor-section-height-default rt-parallax-bg-no\" data-id=\"e38a654\" data-element_type=\"section\">\n\t\t\t\t\t\t<div class=\"elementor-container elementor-column-gap-default\">\n\t\t\t\t\t<div class=\"elementor-column elementor-col-100 elementor-top-column elementor-element elementor-element-aa3d568\" data-id=\"aa3d568\" data-element_type=\"column\">\n\t\t\t<div class=\"elementor-widget-wrap elementor-element-populated\">\n\t\t\t\t\t\t<div class=\"elementor-element elementor-element-90302c8 elementor-widget elementor-widget-spacer\" data-id=\"90302c8\" data-element_type=\"widget\" data-widget_type=\"spacer.default\">\n\t\t\t\t<div class=\"elementor-widget-container\">\n\t\t\t\t\t<div class=\"elementor-spacer\">\n\t\t\t<div class=\"elementor-spacer-inner\"><\/div>\n\t\t<\/div>\n\t\t\t\t<\/div>\n\t\t\t\t<\/div>\n\t\t\t\t\t<\/div>\n\t\t<\/div>\n\t\t\t\t\t<\/div>\n\t\t<\/section>\n\t\t\t\t<\/div>","protected":false},"excerpt":{"rendered":"<p>\u0130ZM\u0130R KRAFT Operasyonel M\u00fckemmellik Sistemi Operasyonel M\u00fckemmellik Sistemimiz, sistematik yakla\u015f\u0131m ile i\u015fleyi\u015fin standartla\u015ft\u0131r\u0131lmas\u0131n\u0131, \u00e7al\u0131\u015fan kat\u0131l\u0131m\u0131 ile s\u00fcrekli iyile\u015ftirme k\u00fclt\u00fcr\u00fcn\u00fcn olu\u015fturulmas\u0131n\u0131, rekabet g\u00fcc\u00fcn\u00fc, esnekli\u011fi, s\u00fcrd\u00fcr\u00fclebilirli\u011fi, s\u0131f\u0131r israf ile de\u011fer katan i\u015flere odaklanabilmeyi ve problemlerin kal\u0131c\u0131 olarak \u00e7\u00f6z\u00fclebilmesini sa\u011flamaktad\u0131r. D\u00fcnya klasman\u0131nda performans elde edebilmek i\u00e7in \u00e7al\u0131\u015fanlar\u0131m\u0131zla B\u0130RL\u0130K oluyoruz, OPERASYONEL M\u00dcKEMMELL\u0130\u011e\u0130 sa\u011fl\u0131yoruz ve i\u015fimizi B\u00dcY\u00dcT\u00dcYORUZ.<\/p>","protected":false},"author":1,"featured_media":1793,"parent":0,"menu_order":0,"comment_status":"closed","ping_status":"closed","template":"elementor_header_footer","meta":{"footnotes":""},"_links":{"self":[{"href":"https:\/\/izmirkraft.com\/en\/wp-json\/wp\/v2\/pages\/5206"}],"collection":[{"href":"https:\/\/izmirkraft.com\/en\/wp-json\/wp\/v2\/pages"}],"about":[{"href":"https:\/\/izmirkraft.com\/en\/wp-json\/wp\/v2\/types\/page"}],"author":[{"embeddable":true,"href":"https:\/\/izmirkraft.com\/en\/wp-json\/wp\/v2\/users\/1"}],"replies":[{"embeddable":true,"href":"https:\/\/izmirkraft.com\/en\/wp-json\/wp\/v2\/comments?post=5206"}],"version-history":[{"count":46,"href":"https:\/\/izmirkraft.com\/en\/wp-json\/wp\/v2\/pages\/5206\/revisions"}],"predecessor-version":[{"id":5362,"href":"https:\/\/izmirkraft.com\/en\/wp-json\/wp\/v2\/pages\/5206\/revisions\/5362"}],"wp:featuredmedia":[{"embeddable":true,"href":"https:\/\/izmirkraft.com\/en\/wp-json\/wp\/v2\/media\/1793"}],"wp:attachment":[{"href":"https:\/\/izmirkraft.com\/en\/wp-json\/wp\/v2\/media?parent=5206"}],"curies":[{"name":"wp","href":"https:\/\/api.w.org\/{rel}","templated":true}]}}