{"id":579,"date":"2023-02-08T05:19:27","date_gmt":"2023-02-08T05:19:27","guid":{"rendered":"https:\/\/izmirkraft.com\/our-mission-copy\/"},"modified":"2024-07-15T21:18:08","modified_gmt":"2024-07-15T18:18:08","slug":"kullanim-kosullari","status":"publish","type":"page","link":"https:\/\/izmirkraft.com\/en\/kullanim-kosullari\/","title":{"rendered":"&lt;"},"content":{"rendered":"<div data-elementor-type=\"wp-page\" data-elementor-id=\"579\" class=\"elementor elementor-579\">\n\t\t\t\t\t\t<section class=\"elementor-section elementor-top-section elementor-element elementor-element-fff3d51 elementor-section-boxed elementor-section-height-default elementor-section-height-default rt-parallax-bg-no\" data-id=\"fff3d51\" data-element_type=\"section\">\n\t\t\t\t\t\t<div class=\"elementor-container elementor-column-gap-default\">\n\t\t\t\t\t<div class=\"elementor-column elementor-col-100 elementor-top-column elementor-element elementor-element-268a30f1\" data-id=\"268a30f1\" data-element_type=\"column\">\n\t\t\t<div class=\"elementor-widget-wrap elementor-element-populated\">\n\t\t\t\t\t\t<div class=\"elementor-element elementor-element-a697eb3 elementor-invisible elementor-widget elementor-widget-rt-title\" data-id=\"a697eb3\" data-element_type=\"widget\" data-widget_type=\"rt-title.default\">\n\t\t\t\t<div class=\"elementor-widget-container\">\n\t\t\t<div class=\"rt-section-title has-animation style2\">\n\t<div class=\"title-holder\">\n\t\t\t\t<h2 class=\"entry-title hide fadeInUp\" data-wow-delay=\"0.6s\" data-wow-duration=\"1.4s\">Use Of Website<\/h2>\t\t\n\t\t\t\t<div class=\"entry-text hide fadeInUp\" data-wow-delay=\"1s\" data-wow-duration=\"1.4s\"><p>1- \u0130\u015fbu site \u00fczerinde yer alan her t\u00fcrl\u00fc g\u00f6rsel, video ve bilginin kullan\u0131m ve tasarruf yetkisi \u0130zmir Kraft firmas\u0131na ait olup, siteyi ziyaret ederek kullanmakla bu kullan\u0131m ve s\u00f6zle\u015fme kurallar\u0131n\u0131 kabul etmi\u015f oluyorsunuz. \u0130zmir Kraft, S\u00f6zle\u015fme \u015fartlar\u0131 da dahil olarak, site ve site \u00fczerindeki uzant\u0131larda bulunan her t\u00fcr ko\u015fulu ve bilgiyi ziyaret\u00e7ilerine herhangi bir ihtarda bulunmaks\u0131z\u0131n de\u011fi\u015ftirme hakk\u0131na sahiptir. De\u011fi\u015fiklikler \u0130zmir Kraft taraf\u0131ndan yap\u0131larak yay\u0131mland\u0131\u011f\u0131 andan itibaren y\u00fcr\u00fcrl\u00fc\u011fe girer.<br \/><br \/>2- \u0130\u015fbu sitede bulunan her t\u00fcrl\u00fc bilgi \u0130zmir Kraft firmas\u0131na ait olup, Ba\u015fka bir sitede izin al\u0131nmadan kullan\u0131lamaz. G\u00f6rseller kopyalanamaz. \u0130mal edilen \u00fcr\u00fcnlerdeki \u00f6zellikler resmiyete tabi de\u011fildir. \u00d6ncelikli olarak \"sat\u0131\u015f s\u00f6zle\u015fmelerinde\" yer alan bilgiler ge\u00e7erlidir.<br \/><br \/>3- \u0130zmir Kraft web sitesinde bulunan bilgilerin g\u00fcncelli\u011fini ve do\u011frulu\u011funu s\u00fcrekli olarak kontrol etmektedir. Yaln\u0131z bu t\u00fcm itinal\u0131 \u00e7al\u0131\u015fmalara ra\u011fmen, site \u00fczerinde bulunan web sayfalar\u0131ndaki bilgiler fiili de\u011fi\u015fikliklerin gerisinde kalabilir. \u0130zmir Kraft web sitesinde buldu\u011funuz g\u00f6rsel ve bilgiler, daha \u00f6nce \u00f6zel \u015fartlarda \u00fcretilmi\u015f \u00fcr\u00fcnlerin bilgileri olup, ileride \u00fczerinde de\u011fi\u015fiklik yapma hakk\u0131n\u0131 \u0130zmir Kraft sakl\u0131 tutar. Web sitesindeki bilgilerin, g\u00fcncel olup olmad\u0131\u011f\u0131, do\u011fruluk ve kalitesi, \u015fartlar\u0131 veya performas\u0131, hangi amaca uygun oldu\u011fu, \u0130zmir Kraft\u2019\u0131n internet sitesinde yer alan ve bunlarla s\u0131n\u0131rl\u0131 olmayan, bunlar\u0131n yan\u0131nda ba\u011flant\u0131l\u0131 veya ba\u011flant\u0131s\u0131 olmayan di\u011fer bilgi, hizmet veya \u00fcr\u00fcnlere etkisi ve taml\u0131\u011f\u0131 hakk\u0131nda herhangi bir sarih ya da z\u0131mni garanti verilmemekte ve taahh\u00fctte bulunulmamaktad\u0131r.<br \/><br \/>4- Bu site \u00fczerinden ba\u015fka sitelere link veriliyor olmas\u0131 m\u00fcmk\u00fcnd\u00fcr. Bas\u0131nda veya \u0130nternet \u00fczerinde olan haberlerin g\u00f6rselleri birebir olarak sayfalarda bulunabilir, ancak ayn\u0131 sayfa i\u00e7erisinde kayna\u011fa referans verilmi\u015ftir. Bu sitede bulunan haber kaynaklar\u0131n\u0131n linkleri ilk al\u0131nd\u0131\u011f\u0131 g\u00fcn i\u00e7in ge\u00e7erli olabilir. \u015eayet linklerde bir farkl\u0131l\u0131k s\u00f6z konusu olmu\u015f ise bundan \u0130zmir Kraft sorumlu de\u011fildir.<br \/><br \/>5- Son olarak Bu site i\u00e7erisinde bulunan t\u00fcm \u00f6\u011fe ve bilgiler tan\u0131t\u0131m ama\u00e7l\u0131 olarak, \u0130zmir Kraft\u2019\u0131n kullan\u0131m hakk\u0131na tabidir. \u0130zinsiz \u00e7o\u011falt\u0131lamaz ve yay\u0131mlanamaz. Sadece referans olarak siteye link verilebilir. <\/p><\/div>\n\t\t\t<\/div>\n<\/div>\t\t<\/div>\n\t\t\t\t<\/div>\n\t\t\t\t\t<\/div>\n\t\t<\/div>\n\t\t\t\t\t<\/div>\n\t\t<\/section>\n\t\t\t\t<\/div>","protected":false},"excerpt":{"rendered":"<p>Kullan\u0131m Ko\u015fullar\u0131 1- \u0130\u015fbu site \u00fczerinde yer alan her t\u00fcrl\u00fc g\u00f6rsel, video ve bilginin kullan\u0131m ve tasarruf yetkisi \u0130zmir Kraft firmas\u0131na ait olup, siteyi ziyaret ederek kullanmakla bu kullan\u0131m ve s\u00f6zle\u015fme kurallar\u0131n\u0131 kabul etmi\u015f oluyorsunuz. \u0130zmir Kraft, S\u00f6zle\u015fme \u015fartlar\u0131 da dahil olarak, site ve site \u00fczerindeki uzant\u0131larda bulunan her t\u00fcr ko\u015fulu ve bilgiyi ziyaret\u00e7ilerine herhangi [&hellip;]<\/p>","protected":false},"author":1,"featured_media":0,"parent":0,"menu_order":0,"comment_status":"closed","ping_status":"closed","template":"elementor_header_footer","meta":{"footnotes":""},"_links":{"self":[{"href":"https:\/\/izmirkraft.com\/en\/wp-json\/wp\/v2\/pages\/579"}],"collection":[{"href":"https:\/\/izmirkraft.com\/en\/wp-json\/wp\/v2\/pages"}],"about":[{"href":"https:\/\/izmirkraft.com\/en\/wp-json\/wp\/v2\/types\/page"}],"author":[{"embeddable":true,"href":"https:\/\/izmirkraft.com\/en\/wp-json\/wp\/v2\/users\/1"}],"replies":[{"embeddable":true,"href":"https:\/\/izmirkraft.com\/en\/wp-json\/wp\/v2\/comments?post=579"}],"version-history":[{"count":4,"href":"https:\/\/izmirkraft.com\/en\/wp-json\/wp\/v2\/pages\/579\/revisions"}],"predecessor-version":[{"id":5069,"href":"https:\/\/izmirkraft.com\/en\/wp-json\/wp\/v2\/pages\/579\/revisions\/5069"}],"wp:attachment":[{"href":"https:\/\/izmirkraft.com\/en\/wp-json\/wp\/v2\/media?parent=579"}],"curies":[{"name":"wp","href":"https:\/\/api.w.org\/{rel}","templated":true}]}}