{"id":581,"date":"2023-02-08T05:19:43","date_gmt":"2023-02-08T05:19:43","guid":{"rendered":"https:\/\/izmirkraft.com\/our-mission-copy-3\/"},"modified":"2024-07-15T20:32:55","modified_gmt":"2024-07-15T17:32:55","slug":"sitemap","status":"publish","type":"page","link":"https:\/\/izmirkraft.com\/en\/sitemap\/","title":{"rendered":"Site Map"},"content":{"rendered":"<div data-elementor-type=\"wp-page\" data-elementor-id=\"581\" class=\"elementor elementor-581\">\n\t\t\t\t\t\t<section class=\"elementor-section elementor-top-section elementor-element elementor-element-74f15bb2 elementor-section-boxed elementor-section-height-default elementor-section-height-default rt-parallax-bg-no\" data-id=\"74f15bb2\" data-element_type=\"section\">\n\t\t\t\t\t\t<div class=\"elementor-container elementor-column-gap-default\">\n\t\t\t\t\t<div class=\"elementor-column elementor-col-100 elementor-top-column elementor-element elementor-element-5a5d0a11\" data-id=\"5a5d0a11\" data-element_type=\"column\">\n\t\t\t<div class=\"elementor-widget-wrap elementor-element-populated\">\n\t\t\t\t\t\t<div class=\"elementor-element elementor-element-a9085f2 elementor-widget elementor-widget-text-editor\" data-id=\"a9085f2\" data-element_type=\"widget\" data-widget_type=\"text-editor.default\">\n\t\t\t\t<div class=\"elementor-widget-container\">\n\t\t\t\t\t\t\t<h2>Ana Men\u00fc<\/h2><ul class=\"faktorie-sitemap\"><li><a href=\"https:\/\/izmirkraft.com\/en\/\">Homepage<\/a><\/li><li>About Us<ul><li><a href=\"https:\/\/izmirkraft.com\/en\/hakkimizda\/\">About Us<\/a><\/li><li><a href=\"https:\/\/izmirkraft.com\/en\/sirket-tarihi\/\">History<\/a><\/li><li><a href=\"https:\/\/izmirkraft.com\/en\/degerlerimiz\/\">Vision Mission<\/a><\/li><li><a href=\"https:\/\/izmirkraft.com\/en\/resim-galerisi\/\">Gallery<\/a><\/li><li><a href=\"https:\/\/izmirkraft.com\/en\/kvkk-politikamiz\/\">KVKK Policy<\/a><\/li><li><a href=\"https:\/\/izmirkraft.com\/en\/belgeler\/\">Quality Certificates<\/a><\/li><\/ul><\/li><li><a href=\"https:\/\/izmirkraft.com\/en\/sektorler\/\">Sectors<\/a><ul><li><a href=\"https:\/\/izmirkraft.com\/en\/cimento-sektoru\/\">Cement<\/a><\/li><li><a href=\"https:\/\/izmirkraft.com\/en\/yapi-ve-kimya-sektoru\/\">Yap\u0131 ve Kimya Sekt\u00f6r\u00fc<\/a><\/li><li><a href=\"https:\/\/izmirkraft.com\/en\/kirec-ve-maden-sektoru\/\">Lime and Mineral<\/a><\/li><\/ul><\/li><li><a href=\"https:\/\/izmirkraft.com\/en\/shop\/\">Products<\/a><ul><li><a href=\"https:\/\/izmirkraft.com\/en\/product\/acik-agiz-torba\/\">Open Mouth Bag<\/a><\/li><li><a href=\"https:\/\/izmirkraft.com\/en\/product\/valfli-torbalar\/\">Pasted Valve Bag<\/a><\/li><\/ul><\/li><li><a href=\"https:\/\/izmirkraft.com\/en\/iletisim\/\">Contact<\/a><\/li><\/ul><ul class=\"faktorie-sitemap\"><li style=\"list-style-type: none;\">\u00a0<\/li><\/ul>\t\t\t\t\t\t<\/div>\n\t\t\t\t<\/div>\n\t\t\t\t\t<\/div>\n\t\t<\/div>\n\t\t\t\t\t<\/div>\n\t\t<\/section>\n\t\t\t\t<\/div>","protected":false},"excerpt":{"rendered":"<p>Ana Men\u00fc Anasayfa Hakk\u0131m\u0131zda \u015eirket Hakk\u0131nda \u015eirket Tarihi Vizyon Misyon Resim Galerisi KVKK Politikam\u0131z Kalite Belgelerimiz Sekt\u00f6rler \u00c7imento Sekt\u00f6r\u00fc Yap\u0131 ve Kimya Sekt\u00f6r\u00fc Kire\u00e7 ve Maden Sekt\u00f6r\u00fc \u00dcr\u00fcnler A\u011fz\u0131 A\u00e7\u0131k Torba Valfli Torba \u0130leti\u015fim \u00a0<\/p>","protected":false},"author":1,"featured_media":0,"parent":0,"menu_order":0,"comment_status":"closed","ping_status":"closed","template":"elementor_header_footer","meta":{"footnotes":""},"_links":{"self":[{"href":"https:\/\/izmirkraft.com\/en\/wp-json\/wp\/v2\/pages\/581"}],"collection":[{"href":"https:\/\/izmirkraft.com\/en\/wp-json\/wp\/v2\/pages"}],"about":[{"href":"https:\/\/izmirkraft.com\/en\/wp-json\/wp\/v2\/types\/page"}],"author":[{"embeddable":true,"href":"https:\/\/izmirkraft.com\/en\/wp-json\/wp\/v2\/users\/1"}],"replies":[{"embeddable":true,"href":"https:\/\/izmirkraft.com\/en\/wp-json\/wp\/v2\/comments?post=581"}],"version-history":[{"count":14,"href":"https:\/\/izmirkraft.com\/en\/wp-json\/wp\/v2\/pages\/581\/revisions"}],"predecessor-version":[{"id":5060,"href":"https:\/\/izmirkraft.com\/en\/wp-json\/wp\/v2\/pages\/581\/revisions\/5060"}],"wp:attachment":[{"href":"https:\/\/izmirkraft.com\/en\/wp-json\/wp\/v2\/media?parent=581"}],"curies":[{"name":"wp","href":"https:\/\/api.w.org\/{rel}","templated":true}]}}