{"id":718,"date":"2023-02-08T08:38:15","date_gmt":"2023-02-08T05:38:15","guid":{"rendered":"https:\/\/izmirkraft.com\/?page_id=718"},"modified":"2026-01-15T17:02:27","modified_gmt":"2026-01-15T14:02:27","slug":"kvkk","status":"publish","type":"page","link":"https:\/\/izmirkraft.com\/en\/kvkk\/","title":{"rendered":"KVKK"},"content":{"rendered":"<div data-elementor-type=\"wp-page\" data-elementor-id=\"718\" class=\"elementor elementor-718\">\n\t\t\t\t\t\t<section class=\"elementor-section elementor-top-section elementor-element elementor-element-4e7482fc elementor-section-boxed elementor-section-height-default elementor-section-height-default rt-parallax-bg-no\" data-id=\"4e7482fc\" data-element_type=\"section\">\n\t\t\t\t\t\t<div class=\"elementor-container elementor-column-gap-default\">\n\t\t\t\t\t<div class=\"elementor-column elementor-col-100 elementor-top-column elementor-element elementor-element-60bd26f7\" data-id=\"60bd26f7\" data-element_type=\"column\">\n\t\t\t<div class=\"elementor-widget-wrap elementor-element-populated\">\n\t\t\t\t\t\t<div class=\"elementor-element elementor-element-7df41f5c elementor-widget elementor-widget-text-editor\" data-id=\"7df41f5c\" data-element_type=\"widget\" data-widget_type=\"text-editor.default\">\n\t\t\t\t<div class=\"elementor-widget-container\">\n\t\t\t\t\t\t\t<p><!-- wp:paragraph --><\/p>\n<p><strong>KVKK D\u00d6K\u00dcMANLARIMIZ<\/strong><\/p>\n<ol>\n<li><a href=\"https:\/\/izmirkraft.com\/wp-content\/uploads\/2026\/01\/IKT.POL_.22.01-IzmirKraft_KVKK_Politikasi_2026.pdf\">KVKK Politikas\u0131<\/a><\/li>\n<li><a href=\"https:\/\/izmirkraft.com\/wp-content\/uploads\/2026\/01\/IKT.POL_.22.03-KVKK__Cerez-Politikasi_Aydinlatma_Metni_2026-002.pdf\">KVKK Websitesi \u00c7erez Politikas\u0131 Ayd\u0131nlatma Metni<\/a><\/li>\n<li><a href=\"https:\/\/izmirkraft.com\/wp-content\/uploads\/2026\/01\/IKT.POL_.22.02.Kraft_KVKK_Cerez-Politikasi_2026.pdf\">KVKK Websitesi \u00c7erez Politikas\u0131<\/a><\/li>\n<li><a href=\"https:\/\/izmirkraft.com\/wp-content\/uploads\/2026\/01\/IKT.FR_.22.02-IzmirKraft_Veri_Sahibi_Basvuru_Formu_2026.pdf\">KVKK Veri Sahibi Ba\u015fvuru Formu<\/a><\/li>\n<\/ol>\n<p><!-- \/wp:paragraph --><\/p>\t\t\t\t\t\t<\/div>\n\t\t\t\t<\/div>\n\t\t\t\t\t<\/div>\n\t\t<\/div>\n\t\t\t\t\t<\/div>\n\t\t<\/section>\n\t\t\t\t<\/div>","protected":false},"excerpt":{"rendered":"<p>KVKK D\u00d6K\u00dcMANLARIMIZ KVKK Politikas\u0131 KVKK Websitesi \u00c7erez Politikas\u0131 Ayd\u0131nlatma Metni KVKK Websitesi \u00c7erez Politikas\u0131 KVKK Veri Sahibi Ba\u015fvuru Formu<\/p>","protected":false},"author":1,"featured_media":0,"parent":0,"menu_order":0,"comment_status":"closed","ping_status":"closed","template":"","meta":{"footnotes":""},"_links":{"self":[{"href":"https:\/\/izmirkraft.com\/en\/wp-json\/wp\/v2\/pages\/718"}],"collection":[{"href":"https:\/\/izmirkraft.com\/en\/wp-json\/wp\/v2\/pages"}],"about":[{"href":"https:\/\/izmirkraft.com\/en\/wp-json\/wp\/v2\/types\/page"}],"author":[{"embeddable":true,"href":"https:\/\/izmirkraft.com\/en\/wp-json\/wp\/v2\/users\/1"}],"replies":[{"embeddable":true,"href":"https:\/\/izmirkraft.com\/en\/wp-json\/wp\/v2\/comments?post=718"}],"version-history":[{"count":22,"href":"https:\/\/izmirkraft.com\/en\/wp-json\/wp\/v2\/pages\/718\/revisions"}],"predecessor-version":[{"id":5407,"href":"https:\/\/izmirkraft.com\/en\/wp-json\/wp\/v2\/pages\/718\/revisions\/5407"}],"wp:attachment":[{"href":"https:\/\/izmirkraft.com\/en\/wp-json\/wp\/v2\/media?parent=718"}],"curies":[{"name":"wp","href":"https:\/\/api.w.org\/{rel}","templated":true}]}}