{"id":88,"date":"2023-02-06T08:23:44","date_gmt":"2023-02-06T08:23:44","guid":{"rendered":"https:\/\/izmirkraft.com\/?page_id=88"},"modified":"2024-07-24T14:21:22","modified_gmt":"2024-07-24T11:21:22","slug":"hakkimizda","status":"publish","type":"page","link":"https:\/\/izmirkraft.com\/en\/hakkimizda\/","title":{"rendered":"About Us"},"content":{"rendered":"<div data-elementor-type=\"wp-page\" data-elementor-id=\"88\" class=\"elementor elementor-88\">\n\t\t\t\t\t\t<section class=\"elementor-section elementor-top-section elementor-element elementor-element-afd4382 elementor-section-boxed elementor-section-height-default elementor-section-height-default rt-parallax-bg-no\" data-id=\"afd4382\" data-element_type=\"section\">\n\t\t\t\t\t\t<div class=\"elementor-container elementor-column-gap-default\">\n\t\t\t\t\t<div class=\"elementor-column elementor-col-50 elementor-top-column elementor-element elementor-element-75053d4\" data-id=\"75053d4\" data-element_type=\"column\">\n\t\t\t<div class=\"elementor-widget-wrap elementor-element-populated\">\n\t\t\t\t\t\t<div class=\"elementor-element elementor-element-7048e59 elementor-invisible elementor-widget elementor-widget-rt-title-with-text\" data-id=\"7048e59\" data-element_type=\"widget\" data-widget_type=\"rt-title-with-text.default\">\n\t\t\t\t<div class=\"elementor-widget-container\">\n\t\t\t<div class=\"rt-title-text has-animation title-text-style1\">\n\t\t\t<div class=\"entry-subtitle hide fadeInUp\" data-wow-delay=\"0.2s\" data-wow-duration=\"1.2s\">\u0130ZM\u0130R KRAFT<span class=\"line\"><\/span><\/div>\n\t\t\t\t<h2 class=\"entry-title hide fadeInUp\" data-wow-delay=\"0.4s\" data-wow-duration=\"1.2s\">Our strategy is to ensure <br>sustainable customer satisfaction!<\/h2>\t\t\n\t\t\n\t<div class=\"entry-content hide fadeInUp\" data-wow-delay=\"0.6s\" data-wow-duration=\"1.2s\"><p class=\"p1\">With 28 years of production experience,  \u0130zmir Kraft Torba Ambalaj offers and provides  high quality and reliable packaging solutions to its customers.\u00a0<\/p><\/div>\n\n\t<\/div>\t\t<\/div>\n\t\t\t\t<\/div>\n\t\t\t\t<section class=\"elementor-section elementor-inner-section elementor-element elementor-element-870b4c2 elementor-section-boxed elementor-section-height-default elementor-section-height-default rt-parallax-bg-no\" data-id=\"870b4c2\" data-element_type=\"section\">\n\t\t\t\t\t\t<div class=\"elementor-container elementor-column-gap-default\">\n\t\t\t\t\t<div class=\"elementor-column elementor-col-66 elementor-inner-column elementor-element elementor-element-7edfdfb\" data-id=\"7edfdfb\" data-element_type=\"column\">\n\t\t\t<div class=\"elementor-widget-wrap elementor-element-populated\">\n\t\t\t\t\t\t<div class=\"elementor-element elementor-element-77c4784 elementor-invisible elementor-widget elementor-widget-rt-info-box\" data-id=\"77c4784\" data-element_type=\"widget\" data-widget_type=\"rt-info-box.default\">\n\t\t\t\t<div class=\"elementor-widget-container\">\n\t\t\t<div class=\"rt-info-box rt-info-style1 hide fadeInUp\" data-wow-delay=\"0.2s\" data-wow-duration=\"1.2s\">\n\t<div class=\"rt-info-item media-icon\">\t\t\n\t\t<div class=\"rt-media\">\n\t\t\t \t\n\t\t\t\t\t\t\t<span class=\"rt-icon\"><i class=\"fas fa-check\"><\/i><\/span>\n\t\t\t\t\t\t\t\n\t\t<\/div>\n\t\t<div class=\"rt-content\">\n\t\t\t\t\t\t<h3 class=\"rt-title\">Professional &amp; Qualified<\/h3>\n\t\t\t\t\t<\/div>\n\t<\/div>\n<\/div>\t\t<\/div>\n\t\t\t\t<\/div>\n\t\t\t\t\t<\/div>\n\t\t<\/div>\n\t\t\t\t<div class=\"elementor-column elementor-col-33 elementor-inner-column elementor-element elementor-element-30eff9d\" data-id=\"30eff9d\" data-element_type=\"column\">\n\t\t\t<div class=\"elementor-widget-wrap elementor-element-populated\">\n\t\t\t\t\t\t<div class=\"elementor-element elementor-element-657a04f elementor-icon-list--layout-traditional elementor-list-item-link-full_width elementor-widget elementor-widget-icon-list\" data-id=\"657a04f\" data-element_type=\"widget\" data-widget_type=\"icon-list.default\">\n\t\t\t\t<div class=\"elementor-widget-container\">\n\t\t\t\t\t<ul class=\"elementor-icon-list-items\">\n\t\t\t\t\t\t\t<li class=\"elementor-icon-list-item\">\n\t\t\t\t\t\t\t\t\t\t<span class=\"elementor-icon-list-text\"><\/span>\n\t\t\t\t\t\t\t\t\t<\/li>\n\t\t\t\t\t\t<\/ul>\n\t\t\t\t<\/div>\n\t\t\t\t<\/div>\n\t\t\t\t\t<\/div>\n\t\t<\/div>\n\t\t\t\t\t<\/div>\n\t\t<\/section>\n\t\t\t\t<div class=\"elementor-element elementor-element-0160e2f elementor-widget elementor-widget-text-editor\" data-id=\"0160e2f\" data-element_type=\"widget\" data-widget_type=\"text-editor.default\">\n\t\t\t\t<div class=\"elementor-widget-container\">\n\t\t\t\t\t\t\t<p class=\"p1\">With many years of experience and constantly renewed technological infrastructure, \u0130zmir Kraft offers the most suitable packaging solutions for the needs of the customers.<\/p>\n<p class=\"p1\">With the dedicated staff,  expertise  and  flexibity in the production and deliveries , \u0130zmir Kraft  always focuses on  the  customer satisfaction and  conducts the production of high quality and  environmental friendly products.<\/p>\n<p class=\"p1\">Izmir Kraft Torba Ambalaj, with its 125 million bag production capacity, is committed to providing the best service to its customers  without compromising the principles of honesty, reliability and quality.<\/p>\n<p class=\"p1\">.<\/p>\t\t\t\t\t\t<\/div>\n\t\t\t\t<\/div>\n\t\t\t\t\t<\/div>\n\t\t<\/div>\n\t\t\t\t<div class=\"elementor-column elementor-col-50 elementor-top-column elementor-element elementor-element-6d7447d\" data-id=\"6d7447d\" data-element_type=\"column\">\n\t\t\t<div class=\"elementor-widget-wrap elementor-element-populated\">\n\t\t\t\t\t\t<div class=\"elementor-element elementor-element-934bd18 responsive-image-fit elementor-widget elementor-widget-image\" data-id=\"934bd18\" data-element_type=\"widget\" data-widget_type=\"image.default\">\n\t\t\t\t<div class=\"elementor-widget-container\">\n\t\t\t\t\t\t\t\t\t\t\t\t\t<img fetchpriority=\"high\" decoding=\"async\" width=\"595\" height=\"569\" src=\"https:\/\/izmirkraft.com\/wp-content\/uploads\/2024\/03\/izmirkraft_main_about-1.jpg\" class=\"attachment-full size-full wp-image-4582\" alt=\"\" srcset=\"https:\/\/izmirkraft.com\/wp-content\/uploads\/2024\/03\/izmirkraft_main_about-1.jpg 595w, https:\/\/izmirkraft.com\/wp-content\/uploads\/2024\/03\/izmirkraft_main_about-1-300x287.jpg 300w, https:\/\/izmirkraft.com\/wp-content\/uploads\/2024\/03\/izmirkraft_main_about-1-13x12.jpg 13w\" sizes=\"(max-width: 595px) 100vw, 595px\" \/>\t\t\t\t\t\t\t\t\t\t\t\t\t<\/div>\n\t\t\t\t<\/div>\n\t\t\t\t\t<\/div>\n\t\t<\/div>\n\t\t\t\t\t<\/div>\n\t\t<\/section>\n\t\t\t\t<\/div>","protected":false},"excerpt":{"rendered":"<p>\u0130ZM\u0130R KRAFT Stratejimiz s\u00fcrd\u00fcr\u00fclebilir memnuniyet! 28 y\u0131l\u0131 a\u015fk\u0131n \u00fcretim tecr\u00fcbesiyle end\u00fcstriyel torba \u00fcretimi alan\u0131nda sekt\u00f6rde \u00f6nc\u00fc bir rol \u00fcstlenen \u0130zmir Kraft Torba Ambalaj, m\u00fc\u015fterilerine y\u00fcksek kaliteli ve g\u00fcvenilir ambalaj \u00e7\u00f6z\u00fcmleri sunmaktad\u0131r.\u00a0 Profesyonel &amp; Kaliteli \u0130zmir Kraft Torba Ambalaj, uzun y\u0131llara dayanan deneyimi ve s\u00fcrekli yenilenen teknolojik altyap\u0131s\u0131yla, m\u00fc\u015fterilerinin ihtiya\u00e7lar\u0131na en uygun \u00e7\u00f6z\u00fcmleri sunmak i\u00e7in \u00e7al\u0131\u015fmaktad\u0131r. [&hellip;]<\/p>","protected":false},"author":1,"featured_media":1793,"parent":0,"menu_order":0,"comment_status":"closed","ping_status":"closed","template":"elementor_header_footer","meta":{"footnotes":""},"_links":{"self":[{"href":"https:\/\/izmirkraft.com\/en\/wp-json\/wp\/v2\/pages\/88"}],"collection":[{"href":"https:\/\/izmirkraft.com\/en\/wp-json\/wp\/v2\/pages"}],"about":[{"href":"https:\/\/izmirkraft.com\/en\/wp-json\/wp\/v2\/types\/page"}],"author":[{"embeddable":true,"href":"https:\/\/izmirkraft.com\/en\/wp-json\/wp\/v2\/users\/1"}],"replies":[{"embeddable":true,"href":"https:\/\/izmirkraft.com\/en\/wp-json\/wp\/v2\/comments?post=88"}],"version-history":[{"count":32,"href":"https:\/\/izmirkraft.com\/en\/wp-json\/wp\/v2\/pages\/88\/revisions"}],"predecessor-version":[{"id":5252,"href":"https:\/\/izmirkraft.com\/en\/wp-json\/wp\/v2\/pages\/88\/revisions\/5252"}],"wp:featuredmedia":[{"embeddable":true,"href":"https:\/\/izmirkraft.com\/en\/wp-json\/wp\/v2\/media\/1793"}],"wp:attachment":[{"href":"https:\/\/izmirkraft.com\/en\/wp-json\/wp\/v2\/media?parent=88"}],"curies":[{"name":"wp","href":"https:\/\/api.w.org\/{rel}","templated":true}]}}