{"id":92,"date":"2023-02-06T08:24:28","date_gmt":"2023-02-06T08:24:28","guid":{"rendered":"https:\/\/izmirkraft.com\/?page_id=92"},"modified":"2024-10-16T16:00:43","modified_gmt":"2024-10-16T13:00:43","slug":"degerlerimiz","status":"publish","type":"page","link":"https:\/\/izmirkraft.com\/en\/degerlerimiz\/","title":{"rendered":"Vision Mission"},"content":{"rendered":"<div data-elementor-type=\"wp-page\" data-elementor-id=\"92\" class=\"elementor elementor-92\">\n\t\t\t\t\t\t<section class=\"elementor-section elementor-top-section elementor-element elementor-element-1dab5af elementor-section-boxed elementor-section-height-default elementor-section-height-default rt-parallax-bg-no\" data-id=\"1dab5af\" data-element_type=\"section\">\n\t\t\t\t\t\t<div class=\"elementor-container elementor-column-gap-default\">\n\t\t\t\t\t<div class=\"elementor-column elementor-col-100 elementor-top-column elementor-element elementor-element-004a16f\" data-id=\"004a16f\" data-element_type=\"column\">\n\t\t\t<div class=\"elementor-widget-wrap elementor-element-populated\">\n\t\t\t\t\t\t<div class=\"elementor-element elementor-element-1ba802f elementor-widget elementor-widget-text-editor\" data-id=\"1ba802f\" data-element_type=\"widget\" data-widget_type=\"text-editor.default\">\n\t\t\t\t<div class=\"elementor-widget-container\">\n\t\t\t\t\t\t\t<p><strong>Vision:<\/strong><br \/>To be a leading brand in the sector with sustainable and environmentally friendly packaging solutions that best meet the needs of our customers.<\/p><p><strong>Mission<\/strong><br \/>To create value with innovative designs and high quality products, based on customer satisfaction; to grow our business and contribute to society with the principle of continuous improvement and sustainability.<\/p>\t\t\t\t\t\t<\/div>\n\t\t\t\t<\/div>\n\t\t\t\t\t<\/div>\n\t\t<\/div>\n\t\t\t\t\t<\/div>\n\t\t<\/section>\n\t\t\t\t<section class=\"elementor-section elementor-top-section elementor-element elementor-element-ed92306 elementor-section-boxed elementor-section-height-default elementor-section-height-default rt-parallax-bg-no\" data-id=\"ed92306\" data-element_type=\"section\">\n\t\t\t\t\t\t<div class=\"elementor-container elementor-column-gap-default\">\n\t\t\t\t\t<div class=\"elementor-column elementor-col-100 elementor-top-column elementor-element elementor-element-0bfe530\" data-id=\"0bfe530\" data-element_type=\"column\">\n\t\t\t<div class=\"elementor-widget-wrap elementor-element-populated\">\n\t\t\t\t\t\t<div class=\"elementor-element elementor-element-9586c94 elementor-widget__width-initial elementor-widget elementor-widget-image\" data-id=\"9586c94\" data-element_type=\"widget\" data-widget_type=\"image.default\">\n\t\t\t\t<div class=\"elementor-widget-container\">\n\t\t\t\t\t\t\t\t\t\t\t\t\t<img fetchpriority=\"high\" decoding=\"async\" width=\"1024\" height=\"461\" src=\"https:\/\/izmirkraft.com\/wp-content\/uploads\/2024\/04\/90x200kurumsal-degerlerimiz-01-1024x461.jpg\" class=\"attachment-large size-large wp-image-4925\" alt=\"\" srcset=\"https:\/\/izmirkraft.com\/wp-content\/uploads\/2024\/04\/90x200kurumsal-degerlerimiz-01-1024x461.jpg 1024w, https:\/\/izmirkraft.com\/wp-content\/uploads\/2024\/04\/90x200kurumsal-degerlerimiz-01-300x135.jpg 300w, https:\/\/izmirkraft.com\/wp-content\/uploads\/2024\/04\/90x200kurumsal-degerlerimiz-01-768x346.jpg 768w, https:\/\/izmirkraft.com\/wp-content\/uploads\/2024\/04\/90x200kurumsal-degerlerimiz-01-1536x691.jpg 1536w, https:\/\/izmirkraft.com\/wp-content\/uploads\/2024\/04\/90x200kurumsal-degerlerimiz-01-2048x922.jpg 2048w, https:\/\/izmirkraft.com\/wp-content\/uploads\/2024\/04\/90x200kurumsal-degerlerimiz-01-18x8.jpg 18w, https:\/\/izmirkraft.com\/wp-content\/uploads\/2024\/04\/90x200kurumsal-degerlerimiz-01-scaled-600x270.jpg 600w\" sizes=\"(max-width: 1024px) 100vw, 1024px\" \/>\t\t\t\t\t\t\t\t\t\t\t\t\t<\/div>\n\t\t\t\t<\/div>\n\t\t\t\t\t<\/div>\n\t\t<\/div>\n\t\t\t\t\t<\/div>\n\t\t<\/section>\n\t\t\t\t<section class=\"elementor-section elementor-top-section elementor-element elementor-element-5de0fbb elementor-section-boxed elementor-section-height-default elementor-section-height-default rt-parallax-bg-no\" data-id=\"5de0fbb\" data-element_type=\"section\">\n\t\t\t\t\t\t<div class=\"elementor-container elementor-column-gap-default\">\n\t\t\t\t\t<div class=\"elementor-column elementor-col-100 elementor-top-column elementor-element elementor-element-a40b1dd\" data-id=\"a40b1dd\" data-element_type=\"column\">\n\t\t\t<div class=\"elementor-widget-wrap elementor-element-populated\">\n\t\t\t\t\t\t<div class=\"elementor-element elementor-element-672da2d elementor-widget-divider--view-line elementor-widget elementor-widget-divider\" data-id=\"672da2d\" data-element_type=\"widget\" data-widget_type=\"divider.default\">\n\t\t\t\t<div class=\"elementor-widget-container\">\n\t\t\t\t\t<div class=\"elementor-divider\">\n\t\t\t<span class=\"elementor-divider-separator\">\n\t\t\t\t\t\t<\/span>\n\t\t<\/div>\n\t\t\t\t<\/div>\n\t\t\t\t<\/div>\n\t\t\t\t\t<\/div>\n\t\t<\/div>\n\t\t\t\t\t<\/div>\n\t\t<\/section>\n\t\t\t\t<section class=\"elementor-section elementor-top-section elementor-element elementor-element-0a44658 elementor-section-boxed elementor-section-height-default elementor-section-height-default rt-parallax-bg-no\" data-id=\"0a44658\" data-element_type=\"section\">\n\t\t\t\t\t\t<div class=\"elementor-container elementor-column-gap-default\">\n\t\t\t\t\t<div class=\"elementor-column elementor-col-100 elementor-top-column elementor-element elementor-element-652b9e1\" data-id=\"652b9e1\" data-element_type=\"column\">\n\t\t\t<div class=\"elementor-widget-wrap elementor-element-populated\">\n\t\t\t\t\t\t<div class=\"elementor-element elementor-element-988fe26 elementor-widget elementor-widget-image\" data-id=\"988fe26\" data-element_type=\"widget\" data-widget_type=\"image.default\">\n\t\t\t\t<div class=\"elementor-widget-container\">\n\t\t\t\t\t\t\t\t\t\t\t\t\t<img decoding=\"async\" width=\"1024\" height=\"456\" src=\"https:\/\/izmirkraft.com\/wp-content\/uploads\/2024\/10\/90x200kurumsal-degerlerimiz-eng-1024x456.jpg\" class=\"attachment-large size-large wp-image-5304\" alt=\"\" srcset=\"https:\/\/izmirkraft.com\/wp-content\/uploads\/2024\/10\/90x200kurumsal-degerlerimiz-eng-1024x456.jpg 1024w, https:\/\/izmirkraft.com\/wp-content\/uploads\/2024\/10\/90x200kurumsal-degerlerimiz-eng-300x133.jpg 300w, https:\/\/izmirkraft.com\/wp-content\/uploads\/2024\/10\/90x200kurumsal-degerlerimiz-eng-768x342.jpg 768w, https:\/\/izmirkraft.com\/wp-content\/uploads\/2024\/10\/90x200kurumsal-degerlerimiz-eng-1536x683.jpg 1536w, https:\/\/izmirkraft.com\/wp-content\/uploads\/2024\/10\/90x200kurumsal-degerlerimiz-eng-18x8.jpg 18w, https:\/\/izmirkraft.com\/wp-content\/uploads\/2024\/10\/90x200kurumsal-degerlerimiz-eng-600x267.jpg 600w, https:\/\/izmirkraft.com\/wp-content\/uploads\/2024\/10\/90x200kurumsal-degerlerimiz-eng.jpg 1922w\" sizes=\"(max-width: 1024px) 100vw, 1024px\" \/>\t\t\t\t\t\t\t\t\t\t\t\t\t<\/div>\n\t\t\t\t<\/div>\n\t\t\t\t\t<\/div>\n\t\t<\/div>\n\t\t\t\t\t<\/div>\n\t\t<\/section>\n\t\t\t\t<\/div>","protected":false},"excerpt":{"rendered":"<p>Vizyon:M\u00fc\u015fterilerimizin ihtiya\u00e7lar\u0131n\u0131 en iyi \u015fekilde kar\u015f\u0131layan, s\u00fcrd\u00fcr\u00fclebilir ve \u00e7evre dostu ambalaj \u00e7\u00f6z\u00fcmleriyle sekt\u00f6rde \u00f6nc\u00fc bir marka olmak. Misyon:M\u00fc\u015fteri memnuniyetini esas alarak, yenilik\u00e7i tasar\u0131mlar ve y\u00fcksek kaliteli \u00fcr\u00fcnlerle de\u011fer yaratmak; s\u00fcrekli iyile\u015fme ve s\u00fcrd\u00fcr\u00fclebilirlik ilkesiyle hem i\u015fimizi b\u00fcy\u00fctmek hem de topluma\u00a0katk\u0131\u00a0sa\u011flamak.<\/p>","protected":false},"author":1,"featured_media":0,"parent":0,"menu_order":0,"comment_status":"closed","ping_status":"closed","template":"","meta":{"footnotes":""},"_links":{"self":[{"href":"https:\/\/izmirkraft.com\/en\/wp-json\/wp\/v2\/pages\/92"}],"collection":[{"href":"https:\/\/izmirkraft.com\/en\/wp-json\/wp\/v2\/pages"}],"about":[{"href":"https:\/\/izmirkraft.com\/en\/wp-json\/wp\/v2\/types\/page"}],"author":[{"embeddable":true,"href":"https:\/\/izmirkraft.com\/en\/wp-json\/wp\/v2\/users\/1"}],"replies":[{"embeddable":true,"href":"https:\/\/izmirkraft.com\/en\/wp-json\/wp\/v2\/comments?post=92"}],"version-history":[{"count":28,"href":"https:\/\/izmirkraft.com\/en\/wp-json\/wp\/v2\/pages\/92\/revisions"}],"predecessor-version":[{"id":5308,"href":"https:\/\/izmirkraft.com\/en\/wp-json\/wp\/v2\/pages\/92\/revisions\/5308"}],"wp:attachment":[{"href":"https:\/\/izmirkraft.com\/en\/wp-json\/wp\/v2\/media?parent=92"}],"curies":[{"name":"wp","href":"https:\/\/api.w.org\/{rel}","templated":true}]}}