{"id":4275,"date":"2023-06-01T08:43:59","date_gmt":"2023-06-01T08:43:59","guid":{"rendered":"https:\/\/izmirkraft.com\/product\/drilling-machine-copy\/"},"modified":"2024-07-23T18:13:22","modified_gmt":"2024-07-23T15:13:22","slug":"acik-agiz-torba","status":"publish","type":"product","link":"https:\/\/izmirkraft.com\/en\/product\/acik-agiz-torba\/","title":{"rendered":"Open Mouth Bag"},"content":{"rendered":"<p>Uzun s\u00fcreli depolama i\u00e7in a\u00e7\u0131k u\u00e7lu, yanlar\u0131 yap\u0131\u015ft\u0131r\u0131lm\u0131\u015f \u00e7uvallar. 70-120 gr\/cm2 ka\u011f\u0131tlardan \u00fcretilmi\u015ftir. Bask\u0131 i\u00e7in 8 renge kadar, ek koruma i\u00e7in parlak lake ve polietilen.<\/p>","protected":false},"excerpt":{"rendered":"<p class=\"p1\">Open mouth bags are a type of packaging solution characterized by having an open top, which allows products to be filled easily and efficiently.<\/p>\n<p class=\"p1\">These bags are widely used in a variety of industries including agriculture, chemical, food and construction, offering ease and versatility in packaging a wide variety of materials. With simple filling processes and secure closure options, open mouth bags provide reliable storage and ease of use for both manufacturers and end users.<\/p>\n<p class=\"p1\">It can be produced in up to 8 colors using 70-120 gr\/cm2 paper.<\/p>","protected":false},"featured_media":4718,"menu_order":0,"template":"","meta":[],"product_cat":[38],"product_tag":[],"_links":{"self":[{"href":"https:\/\/izmirkraft.com\/en\/wp-json\/wp\/v2\/product\/4275"}],"collection":[{"href":"https:\/\/izmirkraft.com\/en\/wp-json\/wp\/v2\/product"}],"about":[{"href":"https:\/\/izmirkraft.com\/en\/wp-json\/wp\/v2\/types\/product"}],"wp:featuredmedia":[{"embeddable":true,"href":"https:\/\/izmirkraft.com\/en\/wp-json\/wp\/v2\/media\/4718"}],"wp:attachment":[{"href":"https:\/\/izmirkraft.com\/en\/wp-json\/wp\/v2\/media?parent=4275"}],"wp:term":[{"taxonomy":"product_cat","embeddable":true,"href":"https:\/\/izmirkraft.com\/en\/wp-json\/wp\/v2\/product_cat?post=4275"},{"taxonomy":"product_tag","embeddable":true,"href":"https:\/\/izmirkraft.com\/en\/wp-json\/wp\/v2\/product_tag?post=4275"}],"curies":[{"name":"wp","href":"https:\/\/api.w.org\/{rel}","templated":true}]}}